{"id":14,"date":"2021-03-09T21:19:57","date_gmt":"2021-03-10T00:19:57","guid":{"rendered":"https:\/\/infectogoias.com.br\/?page_id=14"},"modified":"2024-06-05T10:27:32","modified_gmt":"2024-06-05T13:27:32","slug":"programacao","status":"publish","type":"page","link":"https:\/\/infectogoias.com.br\/2024\/programacao\/","title":{"rendered":"Programa\u00e7\u00e3o"},"content":{"rendered":"\t\t<div data-elementor-type=\"wp-page\" data-elementor-id=\"14\" class=\"elementor elementor-14\" data-elementor-post-type=\"page\">\n\t\t\t\t\t\t\t\t\t<section class=\"elementor-section elementor-top-section elementor-element elementor-element-2f08f63d elementor-section-height-min-height elementor-section-boxed elementor-section-height-default elementor-section-items-middle\" data-id=\"2f08f63d\" data-element_type=\"section\" data-settings=\"{&quot;background_background&quot;:&quot;classic&quot;}\">\n\t\t\t\t\t\t\t<div class=\"elementor-background-overlay\"><\/div>\n\t\t\t\t\t\t\t<div class=\"elementor-container elementor-column-gap-default\">\n\t\t\t\t\t<div class=\"elementor-column elementor-col-100 elementor-top-column elementor-element elementor-element-2bf2f2bd\" data-id=\"2bf2f2bd\" data-element_type=\"column\">\n\t\t\t<div class=\"elementor-widget-wrap elementor-element-populated\">\n\t\t\t\t\t\t\t\t<div class=\"elementor-element elementor-element-5fd6357a animated-slow elementor-invisible elementor-widget elementor-widget-theme-post-title elementor-page-title elementor-widget-heading\" data-id=\"5fd6357a\" data-element_type=\"widget\" data-settings=\"{&quot;_animation&quot;:&quot;fadeInDown&quot;}\" data-widget_type=\"theme-post-title.default\">\n\t\t\t\t<div class=\"elementor-widget-container\">\n\t\t\t<h1 class=\"elementor-heading-title elementor-size-default\">Programa\u00e7\u00e3o Preliminar<\/h1>\t\t<\/div>\n\t\t\t\t<\/div>\n\t\t\t\t\t<\/div>\n\t\t<\/div>\n\t\t\t\t\t\t\t<\/div>\n\t\t<\/section>\n\t\t\t\t<section class=\"elementor-section elementor-top-section elementor-element elementor-element-8778a7a elementor-section-height-min-height elementor-section-items-top elementor-section-boxed elementor-section-height-default\" data-id=\"8778a7a\" data-element_type=\"section\">\n\t\t\t\t\t\t<div class=\"elementor-container elementor-column-gap-default\">\n\t\t\t\t\t<div class=\"elementor-column elementor-col-100 elementor-top-column elementor-element elementor-element-113bd8c\" data-id=\"113bd8c\" data-element_type=\"column\">\n\t\t\t<div class=\"elementor-widget-wrap elementor-element-populated\">\n\t\t\t\t\t\t\t\t<div class=\"elementor-element elementor-element-e2ad187 elementor-tabs-view-vertical elementor-widget elementor-widget-tabs\" data-id=\"e2ad187\" data-element_type=\"widget\" data-widget_type=\"tabs.default\">\n\t\t\t\t<div class=\"elementor-widget-container\">\n\t\t\t\t\t<div class=\"elementor-tabs\">\n\t\t\t<div class=\"elementor-tabs-wrapper\" role=\"tablist\" >\n\t\t\t\t\t\t\t\t\t<div id=\"elementor-tab-title-2371\" class=\"elementor-tab-title elementor-tab-desktop-title\" aria-selected=\"true\" data-tab=\"1\" role=\"tab\" tabindex=\"0\" aria-controls=\"elementor-tab-content-2371\" aria-expanded=\"false\">Quinta-feira, 6 de junho<\/div>\n\t\t\t\t\t\t\t\t\t<div id=\"elementor-tab-title-2372\" class=\"elementor-tab-title elementor-tab-desktop-title\" aria-selected=\"false\" data-tab=\"2\" role=\"tab\" tabindex=\"-1\" aria-controls=\"elementor-tab-content-2372\" aria-expanded=\"false\">Sexta-feira, 7 de junho<\/div>\n\t\t\t\t\t\t\t\t\t<div id=\"elementor-tab-title-2373\" class=\"elementor-tab-title elementor-tab-desktop-title\" aria-selected=\"false\" data-tab=\"3\" role=\"tab\" tabindex=\"-1\" aria-controls=\"elementor-tab-content-2373\" aria-expanded=\"false\">S\u00e1bado, 8 de junho<\/div>\n\t\t\t\t\t\t\t<\/div>\n\t\t\t<div class=\"elementor-tabs-content-wrapper\" role=\"tablist\" aria-orientation=\"vertical\">\n\t\t\t\t\t\t\t\t\t<div class=\"elementor-tab-title elementor-tab-mobile-title\" aria-selected=\"true\" data-tab=\"1\" role=\"tab\" tabindex=\"0\" aria-controls=\"elementor-tab-content-2371\" aria-expanded=\"false\">Quinta-feira, 6 de junho<\/div>\n\t\t\t\t\t<div id=\"elementor-tab-content-2371\" class=\"elementor-tab-content elementor-clearfix\" data-tab=\"1\" role=\"tabpanel\" aria-labelledby=\"elementor-tab-title-2371\" tabindex=\"0\" hidden=\"false\"><p><strong>Mesa Redonda: IRAS e Seguran\u00e7a do Paciente<\/strong><\/p>\n<p>Presidente: Dr\u00ba Rogerio Santos<\/p>\n<p>Debatedores:Dr\u00aa Andrea Spadeto e Dr\u00aa Ariana Godoi<\/p>\n<p><\/p>\n<p>08h \u00e0s 8h35 Medidas de preven\u00e7\u00e3o de PAV: pensando fora da caixinha<\/p>\n<p><strong>Palestrante: Dr\u00aa Deborah Carvajal<\/strong><\/p>\n<p>08h35 \u00e0s 9h10 Antibioticoprofilaxia cir\u00fargica na era da resist\u00eancia<\/p>\n<p><strong>Palestrante: Dr\u00aa L\u00edsia Tomich<\/strong><\/p>\n<p>09h10 \u00e0s 9h45 Experi\u00eancia do paciente em interface com CCIRAS<\/p>\n<p><strong>Palestrante: Dr\u00aa Sheila Paiva<\/strong><\/p>\n<p><span style=\"font-family: var( --e-global-typography-text-font-family ), Sans-serif; font-weight: var( --e-global-typography-text-font-weight ); font-size: 1rem;\">09h45 \u00e0s 10h Discuss\u00e3o<\/span><\/p>\n<p><span style=\"font-family: var( --e-global-typography-text-font-family ), Sans-serif; font-weight: var( --e-global-typography-text-font-weight ); font-size: 1rem;\">10h30 \u00e0s 11h Intervalo<\/span><\/p>\n<p><strong style=\"font-family: var( --e-global-typography-text-font-family ), Sans-serif; font-size: 1rem;\">&nbsp;<\/strong><\/p>\n<p><strong style=\"font-family: var( --e-global-typography-text-font-family ), Sans-serif; font-size: 1rem;\">Confer\u00eancia<\/strong><\/p>\n<p>Presidente: Dr\u00aa Luciana Oliveira<\/p>\n<p>Debatedores: Dr\u00ba Marcelo Daher e &nbsp;Dr\u00aa Helo\u00edna Claret<\/p>\n<p><span style=\"font-family: var( --e-global-typography-text-font-family ), Sans-serif; font-weight: var( --e-global-typography-text-font-weight ); font-size: 1rem;\">11h \u00e0s 12h Imuniza\u00e7\u00e3o: O que h\u00e1 de novo?<\/span><\/p>\n<p><strong style=\"font-family: var( --e-global-typography-text-font-family ), Sans-serif; font-size: 1rem;\">Palestrante: &nbsp;Dr\u00aa Rosana Richtmann<\/strong><\/p>\n<p>12h \u00e0s 13h30 Simp\u00f3sio Sat\u00e9lite OX360<\/p>\n<p><\/p>\n<p>Tratamento das Infec\u00e7\u00f5es Hospitalares<\/p>\n<p><\/p>\n<p><strong>Palestrante: Dr. felipe Tuon<\/strong><\/p><p><strong><br><\/strong><\/p>\n<p><\/p>\n<p>13h30 \u00e0s 14h Visita\u00e7\u00e3o aos p\u00f4steres<\/p>\n<p><strong>Mesa redonda: Hepatites Virais \/ IST<\/strong><\/p>\n<p>Presidente: Dr\u00ba H\u00e9lio Ranes<\/p>\n<p>Debatedores: Dr\u00aa Renata de Souza e Dr\u00aa Carolina Abr\u00e3o<\/p>\n<p>14h \u00e0s 14h35 Hepatite B: quando interromper o tratamento?<\/p>\n<p><strong>Palestrante: Dr\u00ba David Urbaez<\/strong><\/p>\n<p>14h35 \u00e0s 15h10 Doxy-PEP \u00e9 uma estrat\u00e9gia eficaz?<\/p>\n<p><strong>Palestrante: Dr\u00aa Camila Freire<\/strong><\/p>\n<p>15h10 \u00e0s 15h45 Abordagem da infec\u00e7\u00e3o pelo HTLV<\/p>\n<p><strong>Palestrante: &nbsp;Dr\u00ba Jo\u00e3o Victor Coriolano<\/strong><\/p>\n<p>15h45 \u00e0s 16h Discuss\u00e3o<\/p>\n<p>16h \u00e0s 16h30 Intervalo<\/p>\n<p><strong style=\"font-family: var( --e-global-typography-text-font-family ), Sans-serif; font-size: 1rem;\">Mesa redonda: Antimicrobianos e Resist\u00eancia<\/strong><\/p>\n<p><span style=\"font-family: var( --e-global-typography-text-font-family ), Sans-serif; font-weight: var( --e-global-typography-text-font-weight ); font-size: 1rem;\">Presidente: Dr\u00aa Fernanda Pedrosa<\/span><\/p>\n<p>Debatedores: Dr\u00aa Em\u00edlia De Napole e Moara Barbara<\/p>\n<p>16h30 \u00e0s 17h10 Tratamento de gram-negativos: guideline vs pr\u00e1tica cl\u00ednica<\/p>\n<p><strong>Palestrante: Dr\u00aa Ana Gales<\/strong><\/p>\n<p>17h10 \u00e0s 17h50 Tratamento de MSSA: cefalosporina de 1\u00aa gera\u00e7\u00e3o ou oxacilina<\/p>\n<p><strong>Palestrante: Dr\u00ba Alberto Chebabo<\/strong><\/p>\n<p>17h50 \u00e1s 18h Discuss\u00e3o<\/p>\n<p><strong>18h Cerim\u00f4nia de Abertura<\/strong><\/p>\n<p><strong>&nbsp;<\/strong><\/p>\n<p><strong>&nbsp;<\/strong><\/p><\/div>\n\t\t\t\t\t\t\t\t\t<div class=\"elementor-tab-title elementor-tab-mobile-title\" aria-selected=\"false\" data-tab=\"2\" role=\"tab\" tabindex=\"-1\" aria-controls=\"elementor-tab-content-2372\" aria-expanded=\"false\">Sexta-feira, 7 de junho<\/div>\n\t\t\t\t\t<div id=\"elementor-tab-content-2372\" class=\"elementor-tab-content elementor-clearfix\" data-tab=\"2\" role=\"tabpanel\" aria-labelledby=\"elementor-tab-title-2372\" tabindex=\"0\" hidden=\"hidden\"><p><strong>Mesa Redonda: HIV\/AIDS<\/strong><\/p>\n<p>Presidente: Dr\u00ba Boaventura Braz<\/p>\n<p>Debatedores: Dr\u00aa Maly de Albuquerque e Dr\u00ba Luiz Carlos Souza<\/p>\n<p><br><\/p>\n<p>8h \u00e0s 8h35 HIV \u2013 al\u00e9m do v\u00edrus: o papel do infectologista no manejo das comorbidades<\/p>\n<p><\/p>\n<p><strong>Palestrante: &nbsp;Dr\u00aa Gisele Brasileiro<\/strong><\/p>\n<p><\/p>\n<p>8h35 \u00e1s 9h10 Como abordar a baixa viremia?<\/p>\n<p><\/p>\n<p><strong>Palestrante: Dr\u00aa Camila Rodrigues<\/strong><\/p>\n<p><\/p>\n<p>9h10 \u00e1s 9h45 Novas estrat\u00e9gias de preven\u00e7\u00e3o<\/p>\n<p><\/p>\n<p><strong>Palestrante: Dr\u00aa &nbsp;Beatriz Grinsztejn &nbsp;(Videoconfer\u00eancia)<\/strong><\/p>\n<p><span style=\"font-family: var( --e-global-typography-text-font-family ), Sans-serif; font-weight: var( --e-global-typography-text-font-weight ); font-size: 1rem;\">9h45 \u00e1s 10h Discuss\u00e3o<\/span><\/p>\n<p><\/p>\n<p>10h30 \u00e0s 11h00 Intervalo<\/p>\n<p><br><\/p>\n<p><\/p>\n<p><strong>Confer\u00eancia<\/strong><\/p>\n<p><span style=\"font-family: var( --e-global-typography-text-font-family ), Sans-serif; font-weight: var( --e-global-typography-text-font-weight ); font-size: 1rem;\">Presidente: Dr\u00aa Christiane Kobal<\/span><\/p>\n<p>Debatedores: Dr\u00ba Diego Camargo e Dr\u00aa Tha\u00eds Alarcon<\/p>\n<p><br><\/p>\n<p><\/p>\n<p>11h \u00e0s 12h Mudan\u00e7as de paradigma no manejo da neutropenia febril<\/p>\n<p><\/p>\n<p><strong>Palestrante: Dr\u00aa S\u00edlvia Costa<\/strong><\/p>\n<p><strong><br><\/strong><\/p>\n<p><\/p>\n<p><strong>Simp\u00f3sio sat\u00e9lite GSK<\/strong><\/p>\n<p><span style=\"font-family: var( --e-global-typography-text-font-family ), Sans-serif; font-weight: var( --e-global-typography-text-font-weight ); font-size: 1rem;\">Moderador: Dr\u00ba Luiz Felipe Silveira Sales<\/span><\/p>\n<p><span style=\"font-family: var( --e-global-typography-text-font-family ), Sans-serif; font-weight: var( --e-global-typography-text-font-weight ); font-size: 1rem;\">12h \u00e0s 13h30 &nbsp;Conectando vidas: a jornada da modernidade no combate ao HIV<\/span><\/p>\n<p><\/p>\n<p><strong>Palestrante: Dr\u00aa M\u00f4nica Gomes<\/strong><\/p>\n<p><\/p>\n<p>13h30 \u00e0s 14:00 Visita\u00e7\u00e3o aos p\u00f4steres<\/p>\n<p><br><\/p>\n<p><\/p>\n<p><strong>Mesa redonda: Infec\u00e7\u00f5es F\u00fangicas<\/strong><\/p>\n<p><span style=\"font-family: var( --e-global-typography-text-font-family ), Sans-serif; font-weight: var( --e-global-typography-text-font-weight ); font-size: 1rem;\">Presidente:Dr\u00aa C\u00e1ssia Godoy<\/span><\/p>\n<p><\/p>\n<p>Debatedores: Dr\u00aa Rivian Faiolla e Dr\u00ba Taiguara Fraga<\/p>\n<p><br><\/p>\n<p><\/p>\n<p>14h \u00e0s 14h35 Candid\u00edase invasiva: equinocandina \u00e9 sempre a melhor escolha?<\/p>\n<p><strong style=\"font-family: var( --e-global-typography-text-font-family ), Sans-serif; font-size: 1rem;\">Palestrante: Dr\u00aa &nbsp;Debora Meireles<\/strong><\/p>\n<p><\/p>\n<p>14h35 \u00e0s 15h10 Paracoccidioidomicose e Histoplasmose: panorama atual sobre diagn\u00f3stico e tratamento<\/p>\n<p><\/p>\n<p><strong>Palestrante: Dr\u00ba Fl\u00e1vio Teles<\/strong><\/p>\n<p><\/p>\n<p>15:10-15:45 Aspergilose pulmonar: formas cl\u00ednicas e tratamento<\/p>\n<p><\/p>\n<p><strong>Palestrante: Dr\u00aa Mariana Tassara<\/strong><\/p>\n<p><\/p>\n<p>15h45 \u00e0s 16h Discuss\u00e3o<\/p>\n<p><\/p>\n<p>16h \u00e0s 16h30 Intervalo<\/p>\n<p><\/p>\n<p><strong>&nbsp;<\/strong><\/p>\n<p><strong>Mesa Redonda: Infectologia Pedi\u00e1trica<\/strong><\/p>\n<p><span style=\"font-family: var( --e-global-typography-text-font-family ), Sans-serif; font-weight: var( --e-global-typography-text-font-weight ); font-size: 1rem;\">Presidente: &nbsp;Dr\u00aa Lian Padovez<\/span><\/p>\n<p><\/p>\n<p>Debatedor: Dr\u00aa Renata Rosa<\/p>\n<p><br><\/p>\n<p><\/p>\n<p>16h30 \u00e0s 16h55 Infec\u00e7\u00e3o cong\u00eanita por CMV e toxoplasmose: o que fazer?<\/p>\n<p><\/p>\n<p><strong>Palestrante: Dr\u00aa Roberta Rassi<\/strong><\/p>\n<p><\/p>\n<p>16h55 \u00e0s 17h20 Sepse neonatal: quando considerar IRAS? E como tratar?<\/p>\n<p><\/p>\n<p><strong>Palestrante: Dr\u00aa Ana Carolina David<\/strong><\/p>\n<p><strong>&nbsp;<\/strong><span style=\"font-family: var( --e-global-typography-text-font-family ), Sans-serif; font-weight: var( --e-global-typography-text-font-weight ); font-size: 1rem;\">17h20 \u00e0s 17h45 COVID-19 na inf\u00e2ncia: onde estamos?<\/span><\/p>\n<p><\/p>\n<p><strong>Palestrante: Dr\u00ba Fernando Mateus<\/strong><\/p>\n<p><span style=\"font-family: var( --e-global-typography-text-font-family ), Sans-serif; font-weight: var( --e-global-typography-text-font-weight ); font-size: 1rem;\">17h45 \u00e0s 18h Discuss\u00e3o<\/span><\/p>\n<p><\/p>\n<p><strong>18h &nbsp;Festa do Congresso<\/strong><\/p>\n<p><strong>&nbsp;<\/strong><\/p>\n<p><br><\/p>\n<p><\/p><\/div>\n\t\t\t\t\t\t\t\t\t<div class=\"elementor-tab-title elementor-tab-mobile-title\" aria-selected=\"false\" data-tab=\"3\" role=\"tab\" tabindex=\"-1\" aria-controls=\"elementor-tab-content-2373\" aria-expanded=\"false\">S\u00e1bado, 8 de junho<\/div>\n\t\t\t\t\t<div id=\"elementor-tab-content-2373\" class=\"elementor-tab-content elementor-clearfix\" data-tab=\"3\" role=\"tabpanel\" aria-labelledby=\"elementor-tab-title-2373\" tabindex=\"0\" hidden=\"hidden\"><p><strong>Mesa Rendonda: Infectologia Tropical<\/strong><\/p>\n<p>Presidente: Dr\u00aa Ana Maria de Oliveira<\/p><p><br><\/p>\n<p><span style=\"font-family: var( --e-global-typography-text-font-family ), Sans-serif; font-weight: var( --e-global-typography-text-font-weight ); font-size: 1rem;\">8h \u00e0s 8h35 Desafios atuais no manejo da Dengue: perspectivas e inova\u00e7\u00f5es<\/span><br><\/p>\n<p><\/p>\n<p><strong>Palestrante: Dr\u00aa Adriana Guillarde<\/strong><\/p>\n<p><\/p>\n<p>8h35 \u00e0s 9h10 Doen\u00e7a de Chagas no s\u00e9culo XXI: novos desafios em diagn\u00f3stico e tratamento<\/p>\n<p><\/p>\n<p><strong>Palestrante: Dr\u00aa Marina Pedrosa<\/strong><\/p>\n<p><\/p>\n<p>9h10 \u00e0s 9h45 Tuberculose multirresistente: abordagens atuais no tratamento e controle<\/p>\n<p><\/p>\n<p><strong>Palestrante: Dr\u00ba &nbsp;Olavo Leite<\/strong><\/p>\n<p><\/p>\n<p>9h45 \u00e0s 10h Discuss\u00e3o<\/p>\n<p><\/p>\n<p>10h30 \u00e0s 11h Intervalo<\/p>\n<p><br><\/p>\n<p><\/p>\n<p><strong>Confer\u00eancia<\/strong><\/p>\n<p>Presidente: Dr\u00aa N\u00edvia Ferreira<\/p>\n<p><\/p>\n<p>11h \u00e0s 12h Preven\u00e7\u00e3o de IRAS atrav\u00e9s de cuidados com o ambiente de sa\u00fade<\/p>\n<p><\/p>\n<p><strong>Palestrante: Dr\u00aa Maura Salaroli<\/strong><\/p>\n<p><\/p>\n<p><strong>&nbsp;<\/strong><\/p>\n<p><strong>Confer\u00eancia<\/strong><\/p>\n<p><strong>&nbsp;<\/strong><span style=\"font-family: var( --e-global-typography-text-font-family ), Sans-serif; font-weight: var( --e-global-typography-text-font-weight ); font-size: 1rem;\">Presidente: Dr\u00aa Vivian Furtado<\/span><\/p>\n<p><\/p>\n<p>11h \u00e0s 12h30 Manejo da artrite s\u00e9ptica p\u00f3s-cir\u00fargica<\/p>\n<p><\/p>\n<p><strong>Palestrante: Dr\u00ba Mauro Sales<\/strong><\/p>\n<p><strong style=\"font-family: var( --e-global-typography-text-font-family ), Sans-serif; font-size: 1rem;\">13h30 \u00e1s 14h Encerramento e premia\u00e7\u00e3o dos trabalhos e Assembleia e elei\u00e7\u00e3o da SGI<\/strong><\/p>\n<p><strong>&nbsp;<\/strong><\/p>\n<p><\/p>\n<p><strong>&nbsp;<\/strong><\/p><\/div>\n\t\t\t\t\t\t\t<\/div>\n\t\t<\/div>\n\t\t\t\t<\/div>\n\t\t\t\t<\/div>\n\t\t\t\t\t<\/div>\n\t\t<\/div>\n\t\t\t\t\t\t\t<\/div>\n\t\t<\/section>\n\t\t\t\t\t\t\t<\/div>\n\t\t","protected":false},"excerpt":{"rendered":"<p>Quinta-feira, 6 de junho Sexta-feira, 7 de junho S\u00e1bado, 8 de junho Quinta-feira, 6 de junho Mesa Redonda: IRAS e Seguran\u00e7a do Paciente Presidente: Dr\u00ba Rogerio Santos Debatedores:Dr\u00aa Andrea Spadeto e Dr\u00aa Ariana Godoi 08h \u00e0s 8h35 Medidas de preven\u00e7\u00e3o de PAV: pensando fora da caixinha Palestrante: Dr\u00aa Deborah Carvajal 08h35 \u00e0s 9h10 Antibioticoprofilaxia cir\u00fargica [&hellip;]<\/p>\n","protected":false},"author":1,"featured_media":0,"parent":0,"menu_order":0,"comment_status":"closed","ping_status":"closed","template":"elementor_header_footer","meta":{"footnotes":""},"aioseo_notices":[],"_links":{"self":[{"href":"https:\/\/infectogoias.com.br\/2024\/wp-json\/wp\/v2\/pages\/14"}],"collection":[{"href":"https:\/\/infectogoias.com.br\/2024\/wp-json\/wp\/v2\/pages"}],"about":[{"href":"https:\/\/infectogoias.com.br\/2024\/wp-json\/wp\/v2\/types\/page"}],"author":[{"embeddable":true,"href":"https:\/\/infectogoias.com.br\/2024\/wp-json\/wp\/v2\/users\/1"}],"replies":[{"embeddable":true,"href":"https:\/\/infectogoias.com.br\/2024\/wp-json\/wp\/v2\/comments?post=14"}],"version-history":[{"count":210,"href":"https:\/\/infectogoias.com.br\/2024\/wp-json\/wp\/v2\/pages\/14\/revisions"}],"predecessor-version":[{"id":4858,"href":"https:\/\/infectogoias.com.br\/2024\/wp-json\/wp\/v2\/pages\/14\/revisions\/4858"}],"wp:attachment":[{"href":"https:\/\/infectogoias.com.br\/2024\/wp-json\/wp\/v2\/media?parent=14"}],"curies":[{"name":"wp","href":"https:\/\/api.w.org\/{rel}","templated":true}]}}