{"id":12,"date":"2021-03-09T21:19:12","date_gmt":"2021-03-10T00:19:12","guid":{"rendered":"https:\/\/infectogoias.com.br\/?page_id=12"},"modified":"2023-12-07T15:42:17","modified_gmt":"2023-12-07T18:42:17","slug":"o-evento","status":"publish","type":"page","link":"https:\/\/infectogoias.com.br\/2024\/o-evento\/","title":{"rendered":"O Evento"},"content":{"rendered":"\t\t<div data-elementor-type=\"wp-page\" data-elementor-id=\"12\" class=\"elementor elementor-12\" data-elementor-post-type=\"page\">\n\t\t\t\t\t\t\t\t\t<section class=\"elementor-section elementor-top-section elementor-element elementor-element-77d4e465 elementor-section-height-min-height elementor-section-boxed elementor-section-height-default elementor-section-items-middle\" data-id=\"77d4e465\" data-element_type=\"section\" data-settings=\"{&quot;background_background&quot;:&quot;classic&quot;}\">\n\t\t\t\t\t\t\t<div class=\"elementor-background-overlay\"><\/div>\n\t\t\t\t\t\t\t<div class=\"elementor-container elementor-column-gap-default\">\n\t\t\t\t\t<div class=\"elementor-column elementor-col-100 elementor-top-column elementor-element elementor-element-69638d3b\" data-id=\"69638d3b\" data-element_type=\"column\">\n\t\t\t<div class=\"elementor-widget-wrap elementor-element-populated\">\n\t\t\t\t\t\t\t\t<div class=\"elementor-element elementor-element-6f8a683d animated-slow elementor-invisible elementor-widget elementor-widget-theme-post-title elementor-page-title elementor-widget-heading\" data-id=\"6f8a683d\" data-element_type=\"widget\" data-settings=\"{&quot;_animation&quot;:&quot;fadeInDown&quot;}\" data-widget_type=\"theme-post-title.default\">\n\t\t\t\t<div class=\"elementor-widget-container\">\n\t\t\t<h1 class=\"elementor-heading-title elementor-size-default\">O Evento<\/h1>\t\t<\/div>\n\t\t\t\t<\/div>\n\t\t\t\t\t<\/div>\n\t\t<\/div>\n\t\t\t\t\t\t\t<\/div>\n\t\t<\/section>\n\t\t\t\t<section class=\"elementor-section elementor-top-section elementor-element elementor-element-24cbe5b7 elementor-section-boxed elementor-section-height-default elementor-section-height-default\" data-id=\"24cbe5b7\" data-element_type=\"section\" data-settings=\"{&quot;animation&quot;:&quot;none&quot;}\">\n\t\t\t\t\t\t<div class=\"elementor-container elementor-column-gap-default\">\n\t\t\t\t\t<div class=\"elementor-column elementor-col-100 elementor-top-column elementor-element elementor-element-52c60e99\" data-id=\"52c60e99\" data-element_type=\"column\">\n\t\t\t<div class=\"elementor-widget-wrap elementor-element-populated\">\n\t\t\t\t\t\t\t\t<div class=\"elementor-element elementor-element-451205ec animated-slow elementor-invisible elementor-widget elementor-widget-text-editor\" data-id=\"451205ec\" data-element_type=\"widget\" data-settings=\"{&quot;_animation&quot;:&quot;fadeIn&quot;}\" data-widget_type=\"text-editor.default\">\n\t\t\t\t<div class=\"elementor-widget-container\">\n\t\t\t\t\t\t\t<p>\u00c9 com enorme satisfa\u00e7\u00e3o que anunciamos o <strong>IV Congresso Goiano de Infectologia<\/strong> que, mantendo a tradi\u00e7\u00e3o, acontecer\u00e1 em Goi\u00e2nia no<strong> audit\u00f3rio da CIFARMA<\/strong> no per\u00edodo de <strong>06 a 08 de junho de 2024<\/strong>.<\/p><p>A cada edi\u00e7\u00e3o, nosso congresso se supera em rela\u00e7\u00e3o aos n\u00fameros e \u00e0 qualidade cient\u00edfica. Assim, a comiss\u00e3o organizadora esmerou-se para elaborar uma programa\u00e7\u00e3o que abranja as principais \u00e1reas da Infectologia: HIV\/AIDS, hepatites virais, infec\u00e7\u00f5es relacionadas \u00e0 assist\u00eancia \u00e0 sa\u00fade, antimicrobianos, medicina tropical, infec\u00e7\u00f5es em imunossuprimidos, micobacterioses, micologia m\u00e9dica, doen\u00e7as emergentes e reemergentes, entre outros. Para abordar essa s\u00e9rie de temas instigantes, contaremos com a participa\u00e7\u00e3o de um ex\u00edmio grupo de palestrantes.<\/p><p>Assim, convidamos todos os interessados em doen\u00e7as infecciosas &#8211; m\u00e9dicos infectologistas e de outras especialidades, demais profissionais de sa\u00fade e estudantes \u2013 para que estejamos juntos neste evento que \u00e9 refer\u00eancia na agenda m\u00e9dico-cient\u00edfica do estado de Goi\u00e1s.<\/p>\t\t\t\t\t\t<\/div>\n\t\t\t\t<\/div>\n\t\t\t\t<section class=\"elementor-section elementor-inner-section elementor-element elementor-element-1335fadf elementor-section-boxed elementor-section-height-default elementor-section-height-default\" data-id=\"1335fadf\" data-element_type=\"section\">\n\t\t\t\t\t\t<div class=\"elementor-container elementor-column-gap-default\">\n\t\t\t\t\t<div class=\"elementor-column elementor-col-50 elementor-inner-column elementor-element elementor-element-6fd4801d\" data-id=\"6fd4801d\" data-element_type=\"column\">\n\t\t\t<div class=\"elementor-widget-wrap elementor-element-populated\">\n\t\t\t\t\t\t\t\t<div class=\"elementor-element elementor-element-182bb3b3 elementor-position-left animated-slow elementor-vertical-align-middle elementor-widget elementor-widget-image-box\" data-id=\"182bb3b3\" data-element_type=\"widget\" data-settings=\"{&quot;_animation&quot;:&quot;none&quot;}\" data-widget_type=\"image-box.default\">\n\t\t\t\t<div class=\"elementor-widget-container\">\n\t\t\t<div class=\"elementor-image-box-wrapper\"><figure class=\"elementor-image-box-img\"><img fetchpriority=\"high\" decoding=\"async\" width=\"1142\" height=\"1143\" src=\"https:\/\/infectogoias.com.br\/2024\/wp-content\/uploads\/2022\/07\/Helio-Ranes-de-Menezes-Filho.jpeg\" class=\"attachment-full size-full wp-image-3623\" alt=\"\" srcset=\"https:\/\/infectogoias.com.br\/2024\/wp-content\/uploads\/2022\/07\/Helio-Ranes-de-Menezes-Filho.jpeg 1142w, https:\/\/infectogoias.com.br\/2024\/wp-content\/uploads\/2022\/07\/Helio-Ranes-de-Menezes-Filho-300x300.jpeg 300w, https:\/\/infectogoias.com.br\/2024\/wp-content\/uploads\/2022\/07\/Helio-Ranes-de-Menezes-Filho-1024x1024.jpeg 1024w, https:\/\/infectogoias.com.br\/2024\/wp-content\/uploads\/2022\/07\/Helio-Ranes-de-Menezes-Filho-150x150.jpeg 150w, https:\/\/infectogoias.com.br\/2024\/wp-content\/uploads\/2022\/07\/Helio-Ranes-de-Menezes-Filho-768x769.jpeg 768w\" sizes=\"(max-width: 1142px) 100vw, 1142px\" \/><\/figure><div class=\"elementor-image-box-content\"><h3 class=\"elementor-image-box-title\">H\u00e9lio Ranes de Menezes Filho<\/h3><p class=\"elementor-image-box-description\">Presidente da Comiss\u00e3o Organizadora<\/p><\/div><\/div>\t\t<\/div>\n\t\t\t\t<\/div>\n\t\t\t\t\t<\/div>\n\t\t<\/div>\n\t\t\t\t<div class=\"elementor-column elementor-col-50 elementor-inner-column elementor-element elementor-element-58c2d4d1\" data-id=\"58c2d4d1\" data-element_type=\"column\">\n\t\t\t<div class=\"elementor-widget-wrap\">\n\t\t\t\t\t\t\t\t\t<\/div>\n\t\t<\/div>\n\t\t\t\t\t\t\t<\/div>\n\t\t<\/section>\n\t\t\t\t\t<\/div>\n\t\t<\/div>\n\t\t\t\t\t\t\t<\/div>\n\t\t<\/section>\n\t\t\t\t\t\t\t<\/div>\n\t\t","protected":false},"excerpt":{"rendered":"<p>\u00c9 com enorme satisfa\u00e7\u00e3o que anunciamos o IV Congresso Goiano de Infectologia que, mantendo a tradi\u00e7\u00e3o, acontecer\u00e1 em Goi\u00e2nia no audit\u00f3rio da CIFARMA no per\u00edodo de 06 a 08 de junho de 2024. A cada edi\u00e7\u00e3o, nosso congresso se supera em rela\u00e7\u00e3o aos n\u00fameros e \u00e0 qualidade cient\u00edfica. Assim, a comiss\u00e3o organizadora esmerou-se para elaborar [&hellip;]<\/p>\n","protected":false},"author":1,"featured_media":0,"parent":0,"menu_order":0,"comment_status":"closed","ping_status":"closed","template":"elementor_header_footer","meta":{"footnotes":""},"aioseo_notices":[],"_links":{"self":[{"href":"https:\/\/infectogoias.com.br\/2024\/wp-json\/wp\/v2\/pages\/12"}],"collection":[{"href":"https:\/\/infectogoias.com.br\/2024\/wp-json\/wp\/v2\/pages"}],"about":[{"href":"https:\/\/infectogoias.com.br\/2024\/wp-json\/wp\/v2\/types\/page"}],"author":[{"embeddable":true,"href":"https:\/\/infectogoias.com.br\/2024\/wp-json\/wp\/v2\/users\/1"}],"replies":[{"embeddable":true,"href":"https:\/\/infectogoias.com.br\/2024\/wp-json\/wp\/v2\/comments?post=12"}],"version-history":[{"count":39,"href":"https:\/\/infectogoias.com.br\/2024\/wp-json\/wp\/v2\/pages\/12\/revisions"}],"predecessor-version":[{"id":4380,"href":"https:\/\/infectogoias.com.br\/2024\/wp-json\/wp\/v2\/pages\/12\/revisions\/4380"}],"wp:attachment":[{"href":"https:\/\/infectogoias.com.br\/2024\/wp-json\/wp\/v2\/media?parent=12"}],"curies":[{"name":"wp","href":"https:\/\/api.w.org\/{rel}","templated":true}]}}