{"id":2939,"date":"2022-01-20T01:52:09","date_gmt":"2022-01-20T04:52:09","guid":{"rendered":"https:\/\/infectogoias.com.br\/?page_id=2939"},"modified":"2022-07-22T13:25:39","modified_gmt":"2022-07-22T16:25:39","slug":"comercial","status":"publish","type":"page","link":"https:\/\/infectogoias.com.br\/2022\/comercial\/","title":{"rendered":"Comercial"},"content":{"rendered":"\t\t<div data-elementor-type=\"wp-page\" data-elementor-id=\"2939\" class=\"elementor elementor-2939\" data-elementor-post-type=\"page\">\n\t\t\t\t\t\t\t\t\t<section class=\"elementor-section elementor-top-section elementor-element elementor-element-4f4eb215 elementor-section-height-min-height elementor-section-boxed elementor-section-height-default elementor-section-items-middle\" data-id=\"4f4eb215\" data-element_type=\"section\" data-settings=\"{&quot;background_background&quot;:&quot;classic&quot;}\">\n\t\t\t\t\t\t\t<div class=\"elementor-background-overlay\"><\/div>\n\t\t\t\t\t\t\t<div class=\"elementor-container elementor-column-gap-default\">\n\t\t\t\t\t<div class=\"elementor-column elementor-col-100 elementor-top-column elementor-element elementor-element-17234084\" data-id=\"17234084\" data-element_type=\"column\">\n\t\t\t<div class=\"elementor-widget-wrap elementor-element-populated\">\n\t\t\t\t\t\t\t\t<div class=\"elementor-element elementor-element-4650a960 animated-slow elementor-invisible elementor-widget elementor-widget-theme-post-title elementor-page-title elementor-widget-heading\" data-id=\"4650a960\" data-element_type=\"widget\" data-settings=\"{&quot;_animation&quot;:&quot;fadeInDown&quot;}\" data-widget_type=\"theme-post-title.default\">\n\t\t\t\t<div class=\"elementor-widget-container\">\n\t\t\t<h1 class=\"elementor-heading-title elementor-size-default\">Comercial<\/h1>\t\t<\/div>\n\t\t\t\t<\/div>\n\t\t\t\t\t<\/div>\n\t\t<\/div>\n\t\t\t\t\t\t\t<\/div>\n\t\t<\/section>\n\t\t\t\t<section class=\"elementor-section elementor-top-section elementor-element elementor-element-5aef799 elementor-section-boxed elementor-section-height-default elementor-section-height-default\" data-id=\"5aef799\" data-element_type=\"section\">\n\t\t\t\t\t\t<div class=\"elementor-container elementor-column-gap-default\">\n\t\t\t\t\t<div class=\"elementor-column elementor-col-50 elementor-top-column elementor-element elementor-element-299bfcb\" data-id=\"299bfcb\" data-element_type=\"column\">\n\t\t\t<div class=\"elementor-widget-wrap elementor-element-populated\">\n\t\t\t\t\t\t\t\t<div class=\"elementor-element elementor-element-da06392 elementor-widget elementor-widget-image\" data-id=\"da06392\" data-element_type=\"widget\" data-widget_type=\"image.default\">\n\t\t\t\t<div class=\"elementor-widget-container\">\n\t\t\t\t\t\t\t\t\t\t\t\t\t\t\t<img decoding=\"async\" loading=\"lazy\" width=\"800\" height=\"566\" src=\"https:\/\/infectogoias.com.br\/2022\/wp-content\/uploads\/2022\/07\/plano-1024x724.png\" class=\"attachment-large size-large wp-image-3679\" alt=\"\" srcset=\"https:\/\/infectogoias.com.br\/2022\/wp-content\/uploads\/2022\/07\/plano-1024x724.png 1024w, https:\/\/infectogoias.com.br\/2022\/wp-content\/uploads\/2022\/07\/plano-300x212.png 300w, https:\/\/infectogoias.com.br\/2022\/wp-content\/uploads\/2022\/07\/plano-768x543.png 768w, https:\/\/infectogoias.com.br\/2022\/wp-content\/uploads\/2022\/07\/plano.png 1034w\" sizes=\"(max-width: 800px) 100vw, 800px\" \/>\t\t\t\t\t\t\t\t\t\t\t\t\t\t\t<\/div>\n\t\t\t\t<\/div>\n\t\t\t\t\t<\/div>\n\t\t<\/div>\n\t\t\t\t<div class=\"elementor-column elementor-col-50 elementor-top-column elementor-element elementor-element-38a1fab\" data-id=\"38a1fab\" data-element_type=\"column\">\n\t\t\t<div class=\"elementor-widget-wrap elementor-element-populated\">\n\t\t\t\t\t\t\t\t<div class=\"elementor-element elementor-element-814868f elementor-widget elementor-widget-text-editor\" data-id=\"814868f\" data-element_type=\"widget\" data-widget_type=\"text-editor.default\">\n\t\t\t\t<div class=\"elementor-widget-container\">\n\t\t\t\t\t\t\t<p><strong>Entre em contato e confira nossas oportunidades comerciais!<\/strong><\/p><p>Rachel Ramos<br \/><a href=\"https:\/\/api.whatsapp.com\/send?phone=5562981452385&amp;text=Ol\u00e1, quero falar sobre patroc\u00ednio do Infecto Goi\u00e1s!\" target=\"_blank\" rel=\"noopener\" data-wplink-url-error=\"true\">(62) 98145-2385<\/a> | <a href=\"mailto:rachel@wineventos.com.br\" target=\"_blank\" rel=\"noopener\">rachel@wineventos.com.br<\/a><\/p>\t\t\t\t\t\t<\/div>\n\t\t\t\t<\/div>\n\t\t\t\t<section class=\"elementor-section elementor-inner-section elementor-element elementor-element-efc2e22 elementor-section-boxed elementor-section-height-default elementor-section-height-default\" data-id=\"efc2e22\" data-element_type=\"section\">\n\t\t\t\t\t\t<div class=\"elementor-container elementor-column-gap-default\">\n\t\t\t\t\t<div class=\"elementor-column elementor-col-100 elementor-inner-column elementor-element elementor-element-43cc457\" data-id=\"43cc457\" data-element_type=\"column\">\n\t\t\t<div class=\"elementor-widget-wrap elementor-element-populated\">\n\t\t\t\t\t\t\t\t<div class=\"elementor-element elementor-element-d949f1c elementor-align-justify elementor-widget elementor-widget-button\" data-id=\"d949f1c\" data-element_type=\"widget\" data-widget_type=\"button.default\">\n\t\t\t\t<div class=\"elementor-widget-container\">\n\t\t\t\t\t<div class=\"elementor-button-wrapper\">\n\t\t\t<a class=\"elementor-button elementor-button-link elementor-size-md\" href=\"https:\/\/infectogoias.com.br\/2022\/wp-content\/uploads\/2022\/07\/Plano-Comercial_Infecto-Goias-2022.pdf\" target=\"_blank\">\n\t\t\t\t\t\t<span class=\"elementor-button-content-wrapper\">\n\t\t\t\t\t\t<span class=\"elementor-button-text\">Ver plano Comercial<\/span>\n\t\t<\/span>\n\t\t\t\t\t<\/a>\n\t\t<\/div>\n\t\t\t\t<\/div>\n\t\t\t\t<\/div>\n\t\t\t\t\t<\/div>\n\t\t<\/div>\n\t\t\t\t\t\t\t<\/div>\n\t\t<\/section>\n\t\t\t\t\t<\/div>\n\t\t<\/div>\n\t\t\t\t\t\t\t<\/div>\n\t\t<\/section>\n\t\t\t\t<section class=\"elementor-section elementor-top-section elementor-element elementor-element-0c83348 elementor-hidden-desktop elementor-hidden-tablet elementor-hidden-mobile elementor-section-boxed elementor-section-height-default elementor-section-height-default\" data-id=\"0c83348\" data-element_type=\"section\" data-settings=\"{&quot;background_background&quot;:&quot;classic&quot;}\">\n\t\t\t\t\t\t\t<div class=\"elementor-background-overlay\"><\/div>\n\t\t\t\t\t\t\t<div class=\"elementor-container elementor-column-gap-default\">\n\t\t\t\t\t<div class=\"elementor-column elementor-col-100 elementor-top-column elementor-element elementor-element-6b4e9b0\" data-id=\"6b4e9b0\" data-element_type=\"column\">\n\t\t\t<div class=\"elementor-widget-wrap elementor-element-populated\">\n\t\t\t\t\t\t\t\t<div class=\"elementor-element elementor-element-e2c01dd elementor-arrows-position-inside elementor-pagination-position-outside elementor-widget elementor-widget-image-carousel\" data-id=\"e2c01dd\" data-element_type=\"widget\" data-settings=\"{&quot;slides_to_show&quot;:&quot;4&quot;,&quot;slides_to_scroll&quot;:&quot;2&quot;,&quot;image_spacing_custom&quot;:{&quot;unit&quot;:&quot;px&quot;,&quot;size&quot;:6,&quot;sizes&quot;:[]},&quot;navigation&quot;:&quot;both&quot;,&quot;autoplay&quot;:&quot;yes&quot;,&quot;pause_on_hover&quot;:&quot;yes&quot;,&quot;pause_on_interaction&quot;:&quot;yes&quot;,&quot;autoplay_speed&quot;:5000,&quot;infinite&quot;:&quot;yes&quot;,&quot;speed&quot;:500,&quot;image_spacing_custom_tablet&quot;:{&quot;unit&quot;:&quot;px&quot;,&quot;size&quot;:&quot;&quot;,&quot;sizes&quot;:[]},&quot;image_spacing_custom_mobile&quot;:{&quot;unit&quot;:&quot;px&quot;,&quot;size&quot;:&quot;&quot;,&quot;sizes&quot;:[]}}\" data-widget_type=\"image-carousel.default\">\n\t\t\t\t<div class=\"elementor-widget-container\">\n\t\t\t\t\t<div class=\"elementor-image-carousel-wrapper swiper-container\" dir=\"ltr\">\n\t\t\t<div class=\"elementor-image-carousel swiper-wrapper\" aria-live=\"off\">\n\t\t\t\t\t\t\t\t<div class=\"swiper-slide\" role=\"group\" aria-roledescription=\"slide\" aria-label=\"1 of 8\"><a data-elementor-open-lightbox=\"yes\" data-elementor-lightbox-slideshow=\"e2c01dd\" data-elementor-lightbox-title=\"X Congresso Goiano de Neurologia - Plano_page-0018\" data-e-action-hash=\"#elementor-action%3Aaction%3Dlightbox%26settings%3DeyJpZCI6Mjk2MSwidXJsIjoiaHR0cHM6XC9cL2luZmVjdG9nb2lhcy5jb20uYnJcLzIwMjJcL3dwLWNvbnRlbnRcL3VwbG9hZHNcLzIwMjJcLzAxXC9YLUNvbmdyZXNzby1Hb2lhbm8tZGUtTmV1cm9sb2dpYS1QbGFub19wYWdlLTAwMTguanBnIiwic2xpZGVzaG93IjoiZTJjMDFkZCJ9\" href=\"https:\/\/infectogoias.com.br\/2022\/wp-content\/uploads\/2022\/01\/X-Congresso-Goiano-de-Neurologia-Plano_page-0018.jpg\"><figure class=\"swiper-slide-inner\"><img decoding=\"async\" class=\"swiper-slide-image\" src=\"https:\/\/infectogoias.com.br\/2022\/wp-content\/uploads\/2022\/01\/X-Congresso-Goiano-de-Neurologia-Plano_page-0018-300x212.jpg\" alt=\"X Congresso Goiano de Neurologia - Plano_page-0018\" \/><\/figure><\/a><\/div><div class=\"swiper-slide\" role=\"group\" aria-roledescription=\"slide\" aria-label=\"2 of 8\"><a data-elementor-open-lightbox=\"yes\" data-elementor-lightbox-slideshow=\"e2c01dd\" data-elementor-lightbox-title=\"X Congresso Goiano de Neurologia - Plano_page-0019\" data-e-action-hash=\"#elementor-action%3Aaction%3Dlightbox%26settings%3DeyJpZCI6Mjk2MiwidXJsIjoiaHR0cHM6XC9cL2luZmVjdG9nb2lhcy5jb20uYnJcLzIwMjJcL3dwLWNvbnRlbnRcL3VwbG9hZHNcLzIwMjJcLzAxXC9YLUNvbmdyZXNzby1Hb2lhbm8tZGUtTmV1cm9sb2dpYS1QbGFub19wYWdlLTAwMTkuanBnIiwic2xpZGVzaG93IjoiZTJjMDFkZCJ9\" href=\"https:\/\/infectogoias.com.br\/2022\/wp-content\/uploads\/2022\/01\/X-Congresso-Goiano-de-Neurologia-Plano_page-0019.jpg\"><figure class=\"swiper-slide-inner\"><img decoding=\"async\" class=\"swiper-slide-image\" src=\"https:\/\/infectogoias.com.br\/2022\/wp-content\/uploads\/2022\/01\/X-Congresso-Goiano-de-Neurologia-Plano_page-0019-300x212.jpg\" alt=\"X Congresso Goiano de Neurologia - Plano_page-0019\" \/><\/figure><\/a><\/div><div class=\"swiper-slide\" role=\"group\" aria-roledescription=\"slide\" aria-label=\"3 of 8\"><a data-elementor-open-lightbox=\"yes\" data-elementor-lightbox-slideshow=\"e2c01dd\" data-elementor-lightbox-title=\"X Congresso Goiano de Neurologia - Plano_page-0020\" data-e-action-hash=\"#elementor-action%3Aaction%3Dlightbox%26settings%3DeyJpZCI6Mjk2MywidXJsIjoiaHR0cHM6XC9cL2luZmVjdG9nb2lhcy5jb20uYnJcLzIwMjJcL3dwLWNvbnRlbnRcL3VwbG9hZHNcLzIwMjJcLzAxXC9YLUNvbmdyZXNzby1Hb2lhbm8tZGUtTmV1cm9sb2dpYS1QbGFub19wYWdlLTAwMjAuanBnIiwic2xpZGVzaG93IjoiZTJjMDFkZCJ9\" href=\"https:\/\/infectogoias.com.br\/2022\/wp-content\/uploads\/2022\/01\/X-Congresso-Goiano-de-Neurologia-Plano_page-0020.jpg\"><figure class=\"swiper-slide-inner\"><img decoding=\"async\" class=\"swiper-slide-image\" src=\"https:\/\/infectogoias.com.br\/2022\/wp-content\/uploads\/2022\/01\/X-Congresso-Goiano-de-Neurologia-Plano_page-0020-300x212.jpg\" alt=\"X Congresso Goiano de Neurologia - Plano_page-0020\" \/><\/figure><\/a><\/div><div class=\"swiper-slide\" role=\"group\" aria-roledescription=\"slide\" aria-label=\"4 of 8\"><a data-elementor-open-lightbox=\"yes\" data-elementor-lightbox-slideshow=\"e2c01dd\" data-elementor-lightbox-title=\"X Congresso Goiano de Neurologia - Plano_page-0013\" data-e-action-hash=\"#elementor-action%3Aaction%3Dlightbox%26settings%3DeyJpZCI6Mjk2NCwidXJsIjoiaHR0cHM6XC9cL2luZmVjdG9nb2lhcy5jb20uYnJcLzIwMjJcL3dwLWNvbnRlbnRcL3VwbG9hZHNcLzIwMjJcLzAxXC9YLUNvbmdyZXNzby1Hb2lhbm8tZGUtTmV1cm9sb2dpYS1QbGFub19wYWdlLTAwMTMuanBnIiwic2xpZGVzaG93IjoiZTJjMDFkZCJ9\" href=\"https:\/\/infectogoias.com.br\/2022\/wp-content\/uploads\/2022\/01\/X-Congresso-Goiano-de-Neurologia-Plano_page-0013.jpg\"><figure class=\"swiper-slide-inner\"><img decoding=\"async\" class=\"swiper-slide-image\" src=\"https:\/\/infectogoias.com.br\/2022\/wp-content\/uploads\/2022\/01\/X-Congresso-Goiano-de-Neurologia-Plano_page-0013-300x212.jpg\" alt=\"X Congresso Goiano de Neurologia - Plano_page-0013\" \/><\/figure><\/a><\/div><div class=\"swiper-slide\" role=\"group\" aria-roledescription=\"slide\" aria-label=\"5 of 8\"><a data-elementor-open-lightbox=\"yes\" data-elementor-lightbox-slideshow=\"e2c01dd\" data-elementor-lightbox-title=\"X Congresso Goiano de Neurologia - Plano_page-0014\" data-e-action-hash=\"#elementor-action%3Aaction%3Dlightbox%26settings%3DeyJpZCI6Mjk2NSwidXJsIjoiaHR0cHM6XC9cL2luZmVjdG9nb2lhcy5jb20uYnJcLzIwMjJcL3dwLWNvbnRlbnRcL3VwbG9hZHNcLzIwMjJcLzAxXC9YLUNvbmdyZXNzby1Hb2lhbm8tZGUtTmV1cm9sb2dpYS1QbGFub19wYWdlLTAwMTQuanBnIiwic2xpZGVzaG93IjoiZTJjMDFkZCJ9\" href=\"https:\/\/infectogoias.com.br\/2022\/wp-content\/uploads\/2022\/01\/X-Congresso-Goiano-de-Neurologia-Plano_page-0014.jpg\"><figure class=\"swiper-slide-inner\"><img decoding=\"async\" class=\"swiper-slide-image\" src=\"https:\/\/infectogoias.com.br\/2022\/wp-content\/uploads\/2022\/01\/X-Congresso-Goiano-de-Neurologia-Plano_page-0014-300x212.jpg\" alt=\"X Congresso Goiano de Neurologia - Plano_page-0014\" \/><\/figure><\/a><\/div><div class=\"swiper-slide\" role=\"group\" aria-roledescription=\"slide\" aria-label=\"6 of 8\"><a data-elementor-open-lightbox=\"yes\" data-elementor-lightbox-slideshow=\"e2c01dd\" data-elementor-lightbox-title=\"X Congresso Goiano de Neurologia - Plano_page-0015\" data-e-action-hash=\"#elementor-action%3Aaction%3Dlightbox%26settings%3DeyJpZCI6Mjk2NiwidXJsIjoiaHR0cHM6XC9cL2luZmVjdG9nb2lhcy5jb20uYnJcLzIwMjJcL3dwLWNvbnRlbnRcL3VwbG9hZHNcLzIwMjJcLzAxXC9YLUNvbmdyZXNzby1Hb2lhbm8tZGUtTmV1cm9sb2dpYS1QbGFub19wYWdlLTAwMTUuanBnIiwic2xpZGVzaG93IjoiZTJjMDFkZCJ9\" href=\"https:\/\/infectogoias.com.br\/2022\/wp-content\/uploads\/2022\/01\/X-Congresso-Goiano-de-Neurologia-Plano_page-0015.jpg\"><figure class=\"swiper-slide-inner\"><img decoding=\"async\" class=\"swiper-slide-image\" src=\"https:\/\/infectogoias.com.br\/2022\/wp-content\/uploads\/2022\/01\/X-Congresso-Goiano-de-Neurologia-Plano_page-0015-300x212.jpg\" alt=\"X Congresso Goiano de Neurologia - Plano_page-0015\" \/><\/figure><\/a><\/div><div class=\"swiper-slide\" role=\"group\" aria-roledescription=\"slide\" aria-label=\"7 of 8\"><a data-elementor-open-lightbox=\"yes\" data-elementor-lightbox-slideshow=\"e2c01dd\" data-elementor-lightbox-title=\"X Congresso Goiano de Neurologia - Plano_page-0016\" data-e-action-hash=\"#elementor-action%3Aaction%3Dlightbox%26settings%3DeyJpZCI6Mjk2NywidXJsIjoiaHR0cHM6XC9cL2luZmVjdG9nb2lhcy5jb20uYnJcLzIwMjJcL3dwLWNvbnRlbnRcL3VwbG9hZHNcLzIwMjJcLzAxXC9YLUNvbmdyZXNzby1Hb2lhbm8tZGUtTmV1cm9sb2dpYS1QbGFub19wYWdlLTAwMTYuanBnIiwic2xpZGVzaG93IjoiZTJjMDFkZCJ9\" href=\"https:\/\/infectogoias.com.br\/2022\/wp-content\/uploads\/2022\/01\/X-Congresso-Goiano-de-Neurologia-Plano_page-0016.jpg\"><figure class=\"swiper-slide-inner\"><img decoding=\"async\" class=\"swiper-slide-image\" src=\"https:\/\/infectogoias.com.br\/2022\/wp-content\/uploads\/2022\/01\/X-Congresso-Goiano-de-Neurologia-Plano_page-0016-300x212.jpg\" alt=\"X Congresso Goiano de Neurologia - Plano_page-0016\" \/><\/figure><\/a><\/div><div class=\"swiper-slide\" role=\"group\" aria-roledescription=\"slide\" aria-label=\"8 of 8\"><a data-elementor-open-lightbox=\"yes\" data-elementor-lightbox-slideshow=\"e2c01dd\" data-elementor-lightbox-title=\"X Congresso Goiano de Neurologia - Plano_page-0017\" data-e-action-hash=\"#elementor-action%3Aaction%3Dlightbox%26settings%3DeyJpZCI6Mjk2OCwidXJsIjoiaHR0cHM6XC9cL2luZmVjdG9nb2lhcy5jb20uYnJcLzIwMjJcL3dwLWNvbnRlbnRcL3VwbG9hZHNcLzIwMjJcLzAxXC9YLUNvbmdyZXNzby1Hb2lhbm8tZGUtTmV1cm9sb2dpYS1QbGFub19wYWdlLTAwMTcuanBnIiwic2xpZGVzaG93IjoiZTJjMDFkZCJ9\" href=\"https:\/\/infectogoias.com.br\/2022\/wp-content\/uploads\/2022\/01\/X-Congresso-Goiano-de-Neurologia-Plano_page-0017.jpg\"><figure class=\"swiper-slide-inner\"><img decoding=\"async\" class=\"swiper-slide-image\" src=\"https:\/\/infectogoias.com.br\/2022\/wp-content\/uploads\/2022\/01\/X-Congresso-Goiano-de-Neurologia-Plano_page-0017-300x212.jpg\" alt=\"X Congresso Goiano de Neurologia - Plano_page-0017\" \/><\/figure><\/a><\/div>\t\t\t<\/div>\n\t\t\t\t\t\t\t\t\t\t\t\t<div class=\"elementor-swiper-button elementor-swiper-button-prev\" role=\"button\" tabindex=\"0\">\n\t\t\t\t\t\t<i aria-hidden=\"true\" class=\"eicon-chevron-left\"><\/i>\t\t\t\t\t<\/div>\n\t\t\t\t\t<div class=\"elementor-swiper-button elementor-swiper-button-next\" role=\"button\" tabindex=\"0\">\n\t\t\t\t\t\t<i aria-hidden=\"true\" class=\"eicon-chevron-right\"><\/i>\t\t\t\t\t<\/div>\n\t\t\t\t\n\t\t\t\t\t\t\t\t\t<div class=\"swiper-pagination\"><\/div>\n\t\t\t\t\t\t\t\t\t<\/div>\n\t\t\t\t<\/div>\n\t\t\t\t<\/div>\n\t\t\t\t\t<\/div>\n\t\t<\/div>\n\t\t\t\t\t\t\t<\/div>\n\t\t<\/section>\n\t\t\t\t\t\t\t<\/div>\n\t\t","protected":false},"excerpt":{"rendered":"<p>Entre em contato e confira nossas oportunidades comerciais! Rachel Ramos(62) 98145-2385 | rachel@wineventos.com.br Ver plano Comercial Anterior Pr\u00f3ximo<\/p>\n","protected":false},"author":1,"featured_media":0,"parent":0,"menu_order":0,"comment_status":"closed","ping_status":"closed","template":"elementor_header_footer","meta":{"footnotes":""},"aioseo_notices":[],"_links":{"self":[{"href":"https:\/\/infectogoias.com.br\/2022\/wp-json\/wp\/v2\/pages\/2939"}],"collection":[{"href":"https:\/\/infectogoias.com.br\/2022\/wp-json\/wp\/v2\/pages"}],"about":[{"href":"https:\/\/infectogoias.com.br\/2022\/wp-json\/wp\/v2\/types\/page"}],"author":[{"embeddable":true,"href":"https:\/\/infectogoias.com.br\/2022\/wp-json\/wp\/v2\/users\/1"}],"replies":[{"embeddable":true,"href":"https:\/\/infectogoias.com.br\/2022\/wp-json\/wp\/v2\/comments?post=2939"}],"version-history":[{"count":53,"href":"https:\/\/infectogoias.com.br\/2022\/wp-json\/wp\/v2\/pages\/2939\/revisions"}],"predecessor-version":[{"id":3746,"href":"https:\/\/infectogoias.com.br\/2022\/wp-json\/wp\/v2\/pages\/2939\/revisions\/3746"}],"wp:attachment":[{"href":"https:\/\/infectogoias.com.br\/2022\/wp-json\/wp\/v2\/media?parent=2939"}],"curies":[{"name":"wp","href":"https:\/\/api.w.org\/{rel}","templated":true}]}}