{"id":2932,"date":"2022-01-20T01:41:16","date_gmt":"2022-01-20T04:41:16","guid":{"rendered":"https:\/\/infectogoias.com.br\/?page_id=2932"},"modified":"2022-07-14T02:25:43","modified_gmt":"2022-07-14T05:25:43","slug":"local-2","status":"publish","type":"page","link":"https:\/\/infectogoias.com.br\/2022\/local-2\/","title":{"rendered":"Local"},"content":{"rendered":"\t\t<div data-elementor-type=\"wp-page\" data-elementor-id=\"2932\" class=\"elementor elementor-2932\" data-elementor-post-type=\"page\">\n\t\t\t\t\t\t\t\t\t<section class=\"elementor-section elementor-top-section elementor-element elementor-element-5ae34dcb elementor-section-height-min-height elementor-section-boxed elementor-section-height-default elementor-section-items-middle\" data-id=\"5ae34dcb\" data-element_type=\"section\" data-settings=\"{&quot;background_background&quot;:&quot;classic&quot;}\">\n\t\t\t\t\t\t\t<div class=\"elementor-background-overlay\"><\/div>\n\t\t\t\t\t\t\t<div class=\"elementor-container elementor-column-gap-default\">\n\t\t\t\t\t<div class=\"elementor-column elementor-col-100 elementor-top-column elementor-element elementor-element-56e21834\" data-id=\"56e21834\" data-element_type=\"column\">\n\t\t\t<div class=\"elementor-widget-wrap elementor-element-populated\">\n\t\t\t\t\t\t\t\t<div class=\"elementor-element elementor-element-5c8a68f4 animated-slow elementor-invisible elementor-widget elementor-widget-theme-post-title elementor-page-title elementor-widget-heading\" data-id=\"5c8a68f4\" data-element_type=\"widget\" data-settings=\"{&quot;_animation&quot;:&quot;fadeInDown&quot;}\" data-widget_type=\"theme-post-title.default\">\n\t\t\t\t<div class=\"elementor-widget-container\">\n\t\t\t<h1 class=\"elementor-heading-title elementor-size-default\">Local do Evento<\/h1>\t\t<\/div>\n\t\t\t\t<\/div>\n\t\t\t\t\t<\/div>\n\t\t<\/div>\n\t\t\t\t\t\t\t<\/div>\n\t\t<\/section>\n\t\t\t\t<section class=\"elementor-section elementor-top-section elementor-element elementor-element-1692c49 elementor-section-boxed elementor-section-height-default elementor-section-height-default\" data-id=\"1692c49\" data-element_type=\"section\">\n\t\t\t\t\t\t<div class=\"elementor-container elementor-column-gap-default\">\n\t\t\t\t\t<div class=\"elementor-column elementor-col-50 elementor-top-column elementor-element elementor-element-df94cb5\" data-id=\"df94cb5\" data-element_type=\"column\">\n\t\t\t<div class=\"elementor-widget-wrap elementor-element-populated\">\n\t\t\t\t\t\t\t\t<div class=\"elementor-element elementor-element-b0f04f8 elementor-widget elementor-widget-heading\" data-id=\"b0f04f8\" data-element_type=\"widget\" data-widget_type=\"heading.default\">\n\t\t\t\t<div class=\"elementor-widget-container\">\n\t\t\t<h2 class=\"elementor-heading-title elementor-size-default\">A Cifarma tem se destacado no mercado farmac\u00eautico nacional e posiciona-se hoje entre os 20 primeiros laborat\u00f3rios no ranking, segundo o IMS. \nNossa miss\u00e3o expressa todo o nosso comprometimento no sentido de trabalhar em prol da sa\u00fade em dire\u00e7\u00e3o \u00e0s necessidades da popula\u00e7\u00e3o brasileira, de maneira \u00e9tica, buscando conquistar cada vez mais a confian\u00e7a de m\u00e9dicos e consumidores.<\/h2>\t\t<\/div>\n\t\t\t\t<\/div>\n\t\t\t\t\t<\/div>\n\t\t<\/div>\n\t\t\t\t<div class=\"elementor-column elementor-col-50 elementor-top-column elementor-element elementor-element-c27d74b\" data-id=\"c27d74b\" data-element_type=\"column\">\n\t\t\t<div class=\"elementor-widget-wrap elementor-element-populated\">\n\t\t\t\t\t\t\t\t<div class=\"elementor-element elementor-element-faa1034 elementor-widget elementor-widget-google_maps\" data-id=\"faa1034\" data-element_type=\"widget\" data-widget_type=\"google_maps.default\">\n\t\t\t\t<div class=\"elementor-widget-container\">\n\t\t\t\t\t<div class=\"elementor-custom-embed\">\n\t\t\t<iframe loading=\"lazy\"\n\t\t\t\t\tsrc=\"https:\/\/maps.google.com\/maps?q=cifarma&#038;t=m&#038;z=14&#038;output=embed&#038;iwloc=near\"\n\t\t\t\t\ttitle=\"cifarma\"\n\t\t\t\t\taria-label=\"cifarma\"\n\t\t\t><\/iframe>\n\t\t<\/div>\n\t\t\t\t<\/div>\n\t\t\t\t<\/div>\n\t\t\t\t\t<\/div>\n\t\t<\/div>\n\t\t\t\t\t\t\t<\/div>\n\t\t<\/section>\n\t\t\t\t<section class=\"elementor-section elementor-top-section elementor-element elementor-element-dc1e54a elementor-reverse-mobile elementor-section-boxed elementor-section-height-default elementor-section-height-default\" data-id=\"dc1e54a\" data-element_type=\"section\">\n\t\t\t\t\t\t<div class=\"elementor-container elementor-column-gap-default\">\n\t\t\t\t\t<div class=\"elementor-column elementor-col-50 elementor-top-column elementor-element elementor-element-05835e0\" data-id=\"05835e0\" data-element_type=\"column\">\n\t\t\t<div class=\"elementor-widget-wrap elementor-element-populated\">\n\t\t\t\t\t\t\t\t<div class=\"elementor-element elementor-element-389a78c elementor-widget elementor-widget-image\" data-id=\"389a78c\" data-element_type=\"widget\" data-widget_type=\"image.default\">\n\t\t\t\t<div class=\"elementor-widget-container\">\n\t\t\t\t\t\t\t\t\t\t\t\t\t\t\t<img decoding=\"async\" loading=\"lazy\" width=\"800\" height=\"536\" src=\"https:\/\/infectogoias.com.br\/2022\/wp-content\/uploads\/2022\/07\/cifarma.jpg\" class=\"attachment-large size-large wp-image-3595\" alt=\"\" srcset=\"https:\/\/infectogoias.com.br\/2022\/wp-content\/uploads\/2022\/07\/cifarma.jpg 960w, https:\/\/infectogoias.com.br\/2022\/wp-content\/uploads\/2022\/07\/cifarma-300x201.jpg 300w, https:\/\/infectogoias.com.br\/2022\/wp-content\/uploads\/2022\/07\/cifarma-768x514.jpg 768w\" sizes=\"(max-width: 800px) 100vw, 800px\" \/>\t\t\t\t\t\t\t\t\t\t\t\t\t\t\t<\/div>\n\t\t\t\t<\/div>\n\t\t\t\t\t<\/div>\n\t\t<\/div>\n\t\t\t\t<div class=\"elementor-column elementor-col-50 elementor-top-column elementor-element elementor-element-d236675\" data-id=\"d236675\" data-element_type=\"column\">\n\t\t\t<div class=\"elementor-widget-wrap elementor-element-populated\">\n\t\t\t\t\t\t\t\t<div class=\"elementor-element elementor-element-edc5741 elementor-widget elementor-widget-text-editor\" data-id=\"edc5741\" data-element_type=\"widget\" data-widget_type=\"text-editor.default\">\n\t\t\t\t<div class=\"elementor-widget-container\">\n\t\t\t\t\t\t\t<h4 class=\"LC20lb MBeuO DKV0Md\">Cifarma Farmac\u00eautica<\/h4><p class=\"LC20lb MBeuO DKV0Md\">Endere\u00e7o: Rodovia BR-153, Km 5,5 s\/n &#8211; Jardim Guanabara, Goi\u00e2nia &#8211; GO, 74675-090<br \/>Telefone: (62) 4012-4012<br \/>Site: https:\/\/www.cifarma.com.br\/<\/p>\t\t\t\t\t\t<\/div>\n\t\t\t\t<\/div>\n\t\t\t\t\t<\/div>\n\t\t<\/div>\n\t\t\t\t\t\t\t<\/div>\n\t\t<\/section>\n\t\t\t\t\t\t\t<\/div>\n\t\t","protected":false},"excerpt":{"rendered":"<p>A Cifarma tem se destacado no mercado farmac\u00eautico nacional e posiciona-se hoje entre os 20 primeiros laborat\u00f3rios no ranking, segundo o IMS. Nossa miss\u00e3o expressa todo o nosso comprometimento no sentido de trabalhar em prol da sa\u00fade em dire\u00e7\u00e3o \u00e0s necessidades da popula\u00e7\u00e3o brasileira, de maneira \u00e9tica, buscando conquistar cada vez mais a confian\u00e7a de [&hellip;]<\/p>\n","protected":false},"author":1,"featured_media":0,"parent":0,"menu_order":0,"comment_status":"closed","ping_status":"closed","template":"elementor_header_footer","meta":{"footnotes":""},"aioseo_notices":[],"_links":{"self":[{"href":"https:\/\/infectogoias.com.br\/2022\/wp-json\/wp\/v2\/pages\/2932"}],"collection":[{"href":"https:\/\/infectogoias.com.br\/2022\/wp-json\/wp\/v2\/pages"}],"about":[{"href":"https:\/\/infectogoias.com.br\/2022\/wp-json\/wp\/v2\/types\/page"}],"author":[{"embeddable":true,"href":"https:\/\/infectogoias.com.br\/2022\/wp-json\/wp\/v2\/users\/1"}],"replies":[{"embeddable":true,"href":"https:\/\/infectogoias.com.br\/2022\/wp-json\/wp\/v2\/comments?post=2932"}],"version-history":[{"count":22,"href":"https:\/\/infectogoias.com.br\/2022\/wp-json\/wp\/v2\/pages\/2932\/revisions"}],"predecessor-version":[{"id":3698,"href":"https:\/\/infectogoias.com.br\/2022\/wp-json\/wp\/v2\/pages\/2932\/revisions\/3698"}],"wp:attachment":[{"href":"https:\/\/infectogoias.com.br\/2022\/wp-json\/wp\/v2\/media?parent=2932"}],"curies":[{"name":"wp","href":"https:\/\/api.w.org\/{rel}","templated":true}]}}