{"id":1748,"date":"2021-09-17T21:09:10","date_gmt":"2021-09-18T00:09:10","guid":{"rendered":"https:\/\/infectogoias.com.br\/?page_id=1748"},"modified":"2023-05-29T18:07:24","modified_gmt":"2023-05-29T21:07:24","slug":"certificados","status":"publish","type":"page","link":"https:\/\/infectogoias.com.br\/2022\/certificados\/","title":{"rendered":"Certificados"},"content":{"rendered":"\t\t<div data-elementor-type=\"wp-page\" data-elementor-id=\"1748\" class=\"elementor elementor-1748\" data-elementor-post-type=\"page\">\n\t\t\t\t\t\t\t\t\t<section class=\"elementor-section elementor-top-section elementor-element elementor-element-2478540d elementor-section-height-min-height elementor-section-boxed elementor-section-height-default elementor-section-items-middle\" data-id=\"2478540d\" data-element_type=\"section\" data-settings=\"{&quot;background_background&quot;:&quot;classic&quot;}\">\n\t\t\t\t\t\t\t<div class=\"elementor-background-overlay\"><\/div>\n\t\t\t\t\t\t\t<div class=\"elementor-container elementor-column-gap-default\">\n\t\t\t\t\t<div class=\"elementor-column elementor-col-100 elementor-top-column elementor-element elementor-element-7ec3fdb6\" data-id=\"7ec3fdb6\" data-element_type=\"column\">\n\t\t\t<div class=\"elementor-widget-wrap elementor-element-populated\">\n\t\t\t\t\t\t\t\t<div class=\"elementor-element elementor-element-242723cb animated-slow elementor-invisible elementor-widget elementor-widget-theme-post-title elementor-page-title elementor-widget-heading\" data-id=\"242723cb\" data-element_type=\"widget\" data-settings=\"{&quot;_animation&quot;:&quot;fadeInDown&quot;}\" data-widget_type=\"theme-post-title.default\">\n\t\t\t\t<div class=\"elementor-widget-container\">\n\t\t\t<h1 class=\"elementor-heading-title elementor-size-default\">Certificados<\/h1>\t\t<\/div>\n\t\t\t\t<\/div>\n\t\t\t\t\t<\/div>\n\t\t<\/div>\n\t\t\t\t\t\t\t<\/div>\n\t\t<\/section>\n\t\t\t\t<section class=\"elementor-section elementor-top-section elementor-element elementor-element-366d8ec8 elementor-section-content-middle elementor-section-boxed elementor-section-height-default elementor-section-height-default\" data-id=\"366d8ec8\" data-element_type=\"section\">\n\t\t\t\t\t\t<div class=\"elementor-container elementor-column-gap-no\">\n\t\t\t\t\t<div class=\"elementor-column elementor-col-100 elementor-top-column elementor-element elementor-element-4004f28d\" data-id=\"4004f28d\" data-element_type=\"column\">\n\t\t\t<div class=\"elementor-widget-wrap elementor-element-populated\">\n\t\t\t\t\t\t\t\t<div class=\"elementor-element elementor-element-40ca4087 elementor-widget elementor-widget-toggle\" data-id=\"40ca4087\" data-element_type=\"widget\" data-widget_type=\"toggle.default\">\n\t\t\t\t<div class=\"elementor-widget-container\">\n\t\t\t\t\t<div class=\"elementor-toggle\">\n\t\t\t\t\t\t\t<div class=\"elementor-toggle-item\">\n\t\t\t\t\t<div id=\"elementor-tab-title-1081\" class=\"elementor-tab-title\" data-tab=\"1\" role=\"button\" aria-controls=\"elementor-tab-content-1081\" aria-expanded=\"false\">\n\t\t\t\t\t\t\t\t\t\t\t\t<span class=\"elementor-toggle-icon elementor-toggle-icon-left\" aria-hidden=\"true\">\n\t\t\t\t\t\t\t\t\t\t\t\t\t\t\t<span class=\"elementor-toggle-icon-closed\"><i class=\"fas fa-caret-right\"><\/i><\/span>\n\t\t\t\t\t\t\t\t<span class=\"elementor-toggle-icon-opened\"><i class=\"elementor-toggle-icon-opened fas fa-caret-up\"><\/i><\/span>\n\t\t\t\t\t\t\t\t\t\t\t\t\t<\/span>\n\t\t\t\t\t\t\t\t\t\t\t\t<a class=\"elementor-toggle-title\" tabindex=\"0\">IV Congresso internacional interdisciplinar de cuidado baseado em evid\u00eancias<\/a>\n\t\t\t\t\t<\/div>\n\n\t\t\t\t\t<div id=\"elementor-tab-content-1081\" class=\"elementor-tab-content elementor-clearfix\" data-tab=\"1\" role=\"region\" aria-labelledby=\"elementor-tab-title-1081\"><p>Op\u00e7\u00f5es desta edi\u00e7\u00e3o<\/p><ul><li><a href=\"https:\/\/web.eventogyn.com.br\/event\/cicbefen\/site\/content\/area-do-participante\" target=\"_blank\" rel=\"noopener\">Emitir Certificados<\/a><\/li><li><a href=\"https:\/\/web.eventogyn.com.br\/event\/cicbefen\/certificate\" target=\"_blank\" rel=\"noopener\">Autenticar Certificados<\/a><\/li><li>Anais do Congresso<\/li><\/ul><\/div>\n\t\t\t\t<\/div>\n\t\t\t\t\t\t\t<div class=\"elementor-toggle-item\">\n\t\t\t\t\t<div id=\"elementor-tab-title-1082\" class=\"elementor-tab-title\" data-tab=\"2\" role=\"button\" aria-controls=\"elementor-tab-content-1082\" aria-expanded=\"false\">\n\t\t\t\t\t\t\t\t\t\t\t\t<span class=\"elementor-toggle-icon elementor-toggle-icon-left\" aria-hidden=\"true\">\n\t\t\t\t\t\t\t\t\t\t\t\t\t\t\t<span class=\"elementor-toggle-icon-closed\"><i class=\"fas fa-caret-right\"><\/i><\/span>\n\t\t\t\t\t\t\t\t<span class=\"elementor-toggle-icon-opened\"><i class=\"elementor-toggle-icon-opened fas fa-caret-up\"><\/i><\/span>\n\t\t\t\t\t\t\t\t\t\t\t\t\t<\/span>\n\t\t\t\t\t\t\t\t\t\t\t\t<a class=\"elementor-toggle-title\" tabindex=\"0\">III Congresso interdisciplinar de cuidado baseado em evid\u00eancias<\/a>\n\t\t\t\t\t<\/div>\n\n\t\t\t\t\t<div id=\"elementor-tab-content-1082\" class=\"elementor-tab-content elementor-clearfix\" data-tab=\"2\" role=\"region\" aria-labelledby=\"elementor-tab-title-1082\"><p>Op\u00e7\u00f5es desta edi\u00e7\u00e3o<\/p><ul><li><a href=\"https:\/\/web.eventogyn.com.br\/event\/ccbefen\/site\/content\/area-do-participante\" target=\"_blank\" rel=\"noopener\">Emitir Certificados<\/a><\/li><li><a href=\"https:\/\/web.eventogyn.com.br\/event\/ccbefen\/certificate\" target=\"_blank\" rel=\"noopener\">Autenticar Certificados<\/a><\/li><li>Anais do Congresso<\/li><\/ul><\/div>\n\t\t\t\t<\/div>\n\t\t\t\t\t\t\t<div class=\"elementor-toggle-item\">\n\t\t\t\t\t<div id=\"elementor-tab-title-1083\" class=\"elementor-tab-title\" data-tab=\"3\" role=\"button\" aria-controls=\"elementor-tab-content-1083\" aria-expanded=\"false\">\n\t\t\t\t\t\t\t\t\t\t\t\t<span class=\"elementor-toggle-icon elementor-toggle-icon-left\" aria-hidden=\"true\">\n\t\t\t\t\t\t\t\t\t\t\t\t\t\t\t<span class=\"elementor-toggle-icon-closed\"><i class=\"fas fa-caret-right\"><\/i><\/span>\n\t\t\t\t\t\t\t\t<span class=\"elementor-toggle-icon-opened\"><i class=\"elementor-toggle-icon-opened fas fa-caret-up\"><\/i><\/span>\n\t\t\t\t\t\t\t\t\t\t\t\t\t<\/span>\n\t\t\t\t\t\t\t\t\t\t\t\t<a class=\"elementor-toggle-title\" tabindex=\"0\">II Congresso interdisciplinar de cuidado baseado em evid\u00eancias<\/a>\n\t\t\t\t\t<\/div>\n\n\t\t\t\t\t<div id=\"elementor-tab-content-1083\" class=\"elementor-tab-content elementor-clearfix\" data-tab=\"3\" role=\"region\" aria-labelledby=\"elementor-tab-title-1083\"><p>Op\u00e7\u00f5es desta edi\u00e7\u00e3o<\/p><ul><li><a href=\"https:\/\/web.eventogyn.com.br\/event\/ccbeufg\/site\/content\/area-do-participante\" target=\"_blank\" rel=\"noopener\">Emitir Certificados<\/a><\/li><li><a href=\"https:\/\/web.eventogyn.com.br\/event\/ccbeufg\/certificate\" target=\"_blank\" rel=\"noopener\">Autenticar Certificados<\/a><\/li><li>Anais do Congresso<\/li><\/ul><\/div>\n\t\t\t\t<\/div>\n\t\t\t\t\t\t\t<div class=\"elementor-toggle-item\">\n\t\t\t\t\t<div id=\"elementor-tab-title-1084\" class=\"elementor-tab-title\" data-tab=\"4\" role=\"button\" aria-controls=\"elementor-tab-content-1084\" aria-expanded=\"false\">\n\t\t\t\t\t\t\t\t\t\t\t\t<span class=\"elementor-toggle-icon elementor-toggle-icon-left\" aria-hidden=\"true\">\n\t\t\t\t\t\t\t\t\t\t\t\t\t\t\t<span class=\"elementor-toggle-icon-closed\"><i class=\"fas fa-caret-right\"><\/i><\/span>\n\t\t\t\t\t\t\t\t<span class=\"elementor-toggle-icon-opened\"><i class=\"elementor-toggle-icon-opened fas fa-caret-up\"><\/i><\/span>\n\t\t\t\t\t\t\t\t\t\t\t\t\t<\/span>\n\t\t\t\t\t\t\t\t\t\t\t\t<a class=\"elementor-toggle-title\" tabindex=\"0\">I Congresso interdisciplinar de cuidado baseado em evid\u00eancias<\/a>\n\t\t\t\t\t<\/div>\n\n\t\t\t\t\t<div id=\"elementor-tab-content-1084\" class=\"elementor-tab-content elementor-clearfix\" data-tab=\"4\" role=\"region\" aria-labelledby=\"elementor-tab-title-1084\"><p>Op\u00e7\u00f5es desta edi\u00e7\u00e3o<\/p><ul><li><a href=\"https:\/\/web.eventogyn.com.br\/event\/fencicbe\/site\/content\/area-do-participante\" target=\"_blank\" rel=\"noopener\">Emitir Certificados<\/a><\/li><li><a href=\"https:\/\/web.eventogyn.com.br\/event\/fencicbe\/certificate\" target=\"_blank\" rel=\"noopener\">Autenticar Certificados<\/a><\/li><li>Anais do Congresso<\/li><\/ul><\/div>\n\t\t\t\t<\/div>\n\t\t\t\t\t\t\t\t<\/div>\n\t\t\t\t<\/div>\n\t\t\t\t<\/div>\n\t\t\t\t\t<\/div>\n\t\t<\/div>\n\t\t\t\t\t\t\t<\/div>\n\t\t<\/section>\n\t\t\t\t\t\t\t<\/div>\n\t\t","protected":false},"excerpt":{"rendered":"<p>IV Congresso internacional interdisciplinar de cuidado baseado em evid\u00eancias Op\u00e7\u00f5es desta edi\u00e7\u00e3o Emitir Certificados Autenticar Certificados Anais do Congresso III Congresso interdisciplinar de cuidado baseado em evid\u00eancias Op\u00e7\u00f5es desta edi\u00e7\u00e3o Emitir Certificados Autenticar Certificados Anais do Congresso II Congresso interdisciplinar de cuidado baseado em evid\u00eancias Op\u00e7\u00f5es desta edi\u00e7\u00e3o Emitir Certificados Autenticar Certificados Anais do Congresso [&hellip;]<\/p>\n","protected":false},"author":1,"featured_media":0,"parent":0,"menu_order":0,"comment_status":"closed","ping_status":"closed","template":"elementor_header_footer","meta":{"footnotes":""},"aioseo_notices":[],"_links":{"self":[{"href":"https:\/\/infectogoias.com.br\/2022\/wp-json\/wp\/v2\/pages\/1748"}],"collection":[{"href":"https:\/\/infectogoias.com.br\/2022\/wp-json\/wp\/v2\/pages"}],"about":[{"href":"https:\/\/infectogoias.com.br\/2022\/wp-json\/wp\/v2\/types\/page"}],"author":[{"embeddable":true,"href":"https:\/\/infectogoias.com.br\/2022\/wp-json\/wp\/v2\/users\/1"}],"replies":[{"embeddable":true,"href":"https:\/\/infectogoias.com.br\/2022\/wp-json\/wp\/v2\/comments?post=1748"}],"version-history":[{"count":3,"href":"https:\/\/infectogoias.com.br\/2022\/wp-json\/wp\/v2\/pages\/1748\/revisions"}],"predecessor-version":[{"id":4077,"href":"https:\/\/infectogoias.com.br\/2022\/wp-json\/wp\/v2\/pages\/1748\/revisions\/4077"}],"wp:attachment":[{"href":"https:\/\/infectogoias.com.br\/2022\/wp-json\/wp\/v2\/media?parent=1748"}],"curies":[{"name":"wp","href":"https:\/\/api.w.org\/{rel}","templated":true}]}}