{"id":1549,"date":"2021-09-16T01:12:46","date_gmt":"2021-09-16T04:12:46","guid":{"rendered":"https:\/\/infectogoias.com.br\/?page_id=1549"},"modified":"2022-07-14T01:38:02","modified_gmt":"2022-07-14T04:38:02","slug":"comissao","status":"publish","type":"page","link":"https:\/\/infectogoias.com.br\/2022\/comissao\/","title":{"rendered":"Comiss\u00e3o"},"content":{"rendered":"\t\t<div data-elementor-type=\"wp-page\" data-elementor-id=\"1549\" class=\"elementor elementor-1549\" data-elementor-post-type=\"page\">\n\t\t\t\t\t\t\t\t\t<section class=\"elementor-section elementor-top-section elementor-element elementor-element-5fda8811 elementor-section-height-min-height elementor-section-boxed elementor-section-height-default elementor-section-items-middle\" data-id=\"5fda8811\" data-element_type=\"section\" data-settings=\"{&quot;background_background&quot;:&quot;classic&quot;}\">\n\t\t\t\t\t\t\t<div class=\"elementor-background-overlay\"><\/div>\n\t\t\t\t\t\t\t<div class=\"elementor-container elementor-column-gap-default\">\n\t\t\t\t\t<div class=\"elementor-column elementor-col-100 elementor-top-column elementor-element elementor-element-5840070d\" data-id=\"5840070d\" data-element_type=\"column\">\n\t\t\t<div class=\"elementor-widget-wrap elementor-element-populated\">\n\t\t\t\t\t\t\t\t<div class=\"elementor-element elementor-element-1eb49217 animated-slow elementor-invisible elementor-widget elementor-widget-theme-post-title elementor-page-title elementor-widget-heading\" data-id=\"1eb49217\" data-element_type=\"widget\" data-settings=\"{&quot;_animation&quot;:&quot;fadeInDown&quot;}\" data-widget_type=\"theme-post-title.default\">\n\t\t\t\t<div class=\"elementor-widget-container\">\n\t\t\t<h1 class=\"elementor-heading-title elementor-size-default\">Comiss\u00e3o<\/h1>\t\t<\/div>\n\t\t\t\t<\/div>\n\t\t\t\t\t<\/div>\n\t\t<\/div>\n\t\t\t\t\t\t\t<\/div>\n\t\t<\/section>\n\t\t\t\t<section class=\"elementor-section elementor-top-section elementor-element elementor-element-2798193 elementor-section-boxed elementor-section-height-default elementor-section-height-default\" data-id=\"2798193\" data-element_type=\"section\">\n\t\t\t\t\t\t<div class=\"elementor-container elementor-column-gap-default\">\n\t\t\t\t\t<div class=\"elementor-column elementor-col-25 elementor-top-column elementor-element elementor-element-8791f41\" data-id=\"8791f41\" data-element_type=\"column\">\n\t\t\t<div class=\"elementor-widget-wrap elementor-element-populated\">\n\t\t\t\t\t\t\t\t<div class=\"elementor-element elementor-element-12babf6 elementor-widget elementor-widget-elementskit-team\" data-id=\"12babf6\" data-element_type=\"widget\" data-widget_type=\"elementskit-team.default\">\n\t\t\t\t<div class=\"elementor-widget-container\">\n\t\t\t<div class=\"ekit-wid-con\">\t\t\t\t\t\t\t\t\n\t\t<div class=\"profile-card elementor-animation- text-center ekit-team-style-default\">\n\t\t\t\t\t\t\n\t\t\t\t<div class=\"profile-header ekit-team-img ekit-img-overlay ekit-team-img-block\" >\n\t\t\t\t\t<img decoding=\"async\" loading=\"lazy\" width=\"800\" height=\"799\" src=\"https:\/\/infectogoias.com.br\/2022\/wp-content\/uploads\/2022\/07\/Ariana-Rocha-Romao-Godoi.jpeg\" class=\"attachment-large size-large wp-image-3617\" alt=\"\" srcset=\"https:\/\/infectogoias.com.br\/2022\/wp-content\/uploads\/2022\/07\/Ariana-Rocha-Romao-Godoi.jpeg 1016w, https:\/\/infectogoias.com.br\/2022\/wp-content\/uploads\/2022\/07\/Ariana-Rocha-Romao-Godoi-300x300.jpeg 300w, https:\/\/infectogoias.com.br\/2022\/wp-content\/uploads\/2022\/07\/Ariana-Rocha-Romao-Godoi-150x150.jpeg 150w, https:\/\/infectogoias.com.br\/2022\/wp-content\/uploads\/2022\/07\/Ariana-Rocha-Romao-Godoi-768x767.jpeg 768w\" sizes=\"(max-width: 800px) 100vw, 800px\" \/>\t\t\t\t<\/div><!-- .profile-header END -->\n\t\t\t\t\t\t\n\n\t\t\t\t<div class=\"profile-body\">\n\t\t\t\t\t\n\t\t\t\t\t<h2 class=\"profile-title\">\n\t\t\t\t\t\t\t\t\t\t\tAriana Rocha Rom\u00e3o Godoi\t\t\t\t\t\t\t\t\t\t<\/h2>\n\t\t\t\t\t<p class=\"profile-designation\"><\/p>\n\t\t\t\t\t\t\t\t\t<\/div><!-- .profile-body END -->\n\n\t\t\t\t\t\t\t\t<\/div>\n\t\t\t\t\t\t\t\n\t\t\t\n\t\t\t\t<\/div>\t\t<\/div>\n\t\t\t\t<\/div>\n\t\t\t\t\t<\/div>\n\t\t<\/div>\n\t\t\t\t<div class=\"elementor-column elementor-col-25 elementor-top-column elementor-element elementor-element-f85477c\" data-id=\"f85477c\" data-element_type=\"column\">\n\t\t\t<div class=\"elementor-widget-wrap elementor-element-populated\">\n\t\t\t\t\t\t\t\t<div class=\"elementor-element elementor-element-33c62bb elementor-widget elementor-widget-elementskit-team\" data-id=\"33c62bb\" data-element_type=\"widget\" data-widget_type=\"elementskit-team.default\">\n\t\t\t\t<div class=\"elementor-widget-container\">\n\t\t\t<div class=\"ekit-wid-con\">\t\t\t\t\t\t\t\t\n\t\t<div class=\"profile-card elementor-animation- text-center ekit-team-style-default\">\n\t\t\t\t\t\t\n\t\t\t\t<div class=\"profile-header ekit-team-img ekit-img-overlay ekit-team-img-block\" >\n\t\t\t\t\t<img decoding=\"async\" loading=\"lazy\" width=\"800\" height=\"800\" src=\"https:\/\/infectogoias.com.br\/2022\/wp-content\/uploads\/2022\/07\/Christiane-Reis-Kobal-Perillo-1024x1024.jpeg\" class=\"attachment-large size-large wp-image-3618\" alt=\"\" srcset=\"https:\/\/infectogoias.com.br\/2022\/wp-content\/uploads\/2022\/07\/Christiane-Reis-Kobal-Perillo-1024x1024.jpeg 1024w, https:\/\/infectogoias.com.br\/2022\/wp-content\/uploads\/2022\/07\/Christiane-Reis-Kobal-Perillo-300x300.jpeg 300w, https:\/\/infectogoias.com.br\/2022\/wp-content\/uploads\/2022\/07\/Christiane-Reis-Kobal-Perillo-150x150.jpeg 150w, https:\/\/infectogoias.com.br\/2022\/wp-content\/uploads\/2022\/07\/Christiane-Reis-Kobal-Perillo-768x769.jpeg 768w, https:\/\/infectogoias.com.br\/2022\/wp-content\/uploads\/2022\/07\/Christiane-Reis-Kobal-Perillo.jpeg 1200w\" sizes=\"(max-width: 800px) 100vw, 800px\" \/>\t\t\t\t<\/div><!-- .profile-header END -->\n\t\t\t\t\t\t\n\n\t\t\t\t<div class=\"profile-body\">\n\t\t\t\t\t\n\t\t\t\t\t<h2 class=\"profile-title\">\n\t\t\t\t\t\t\t\t\t\t\tChristiane Reis Kobal Perillo\t\t\t\t\t\t\t\t\t\t<\/h2>\n\t\t\t\t\t<p class=\"profile-designation\"><\/p>\n\t\t\t\t\t\t\t\t\t<\/div><!-- .profile-body END -->\n\n\t\t\t\t\t\t\t\t<\/div>\n\t\t\t\t\t\t\t\n\t\t\t\n\t\t\t\t<\/div>\t\t<\/div>\n\t\t\t\t<\/div>\n\t\t\t\t\t<\/div>\n\t\t<\/div>\n\t\t\t\t<div class=\"elementor-column elementor-col-25 elementor-top-column elementor-element elementor-element-114c4cc\" data-id=\"114c4cc\" data-element_type=\"column\">\n\t\t\t<div class=\"elementor-widget-wrap elementor-element-populated\">\n\t\t\t\t\t\t\t\t<div class=\"elementor-element elementor-element-6962fb1 elementor-widget elementor-widget-elementskit-team\" data-id=\"6962fb1\" data-element_type=\"widget\" data-widget_type=\"elementskit-team.default\">\n\t\t\t\t<div class=\"elementor-widget-container\">\n\t\t\t<div class=\"ekit-wid-con\">\t\t\t\t\t\t\t\t\n\t\t<div class=\"profile-card elementor-animation- text-center ekit-team-style-default\">\n\t\t\t\t\t\t\n\t\t\t\t<div class=\"profile-header ekit-team-img ekit-img-overlay ekit-team-img-block\" >\n\t\t\t\t\t<img decoding=\"async\" loading=\"lazy\" width=\"800\" height=\"800\" src=\"https:\/\/infectogoias.com.br\/2022\/wp-content\/uploads\/2022\/07\/Fernanda-Pedrosa-Torres-1024x1024.jpeg\" class=\"attachment-large size-large wp-image-3622\" alt=\"\" srcset=\"https:\/\/infectogoias.com.br\/2022\/wp-content\/uploads\/2022\/07\/Fernanda-Pedrosa-Torres-1024x1024.jpeg 1024w, https:\/\/infectogoias.com.br\/2022\/wp-content\/uploads\/2022\/07\/Fernanda-Pedrosa-Torres-300x300.jpeg 300w, https:\/\/infectogoias.com.br\/2022\/wp-content\/uploads\/2022\/07\/Fernanda-Pedrosa-Torres-150x150.jpeg 150w, https:\/\/infectogoias.com.br\/2022\/wp-content\/uploads\/2022\/07\/Fernanda-Pedrosa-Torres-768x769.jpeg 768w, https:\/\/infectogoias.com.br\/2022\/wp-content\/uploads\/2022\/07\/Fernanda-Pedrosa-Torres.jpeg 1050w\" sizes=\"(max-width: 800px) 100vw, 800px\" \/>\t\t\t\t<\/div><!-- .profile-header END -->\n\t\t\t\t\t\t\n\n\t\t\t\t<div class=\"profile-body\">\n\t\t\t\t\t\n\t\t\t\t\t<h2 class=\"profile-title\">\n\t\t\t\t\t\t\t\t\t\t\tFernanda Pedrosa Torres\t\t\t\t\t\t\t\t\t\t<\/h2>\n\t\t\t\t\t<p class=\"profile-designation\"><\/p>\n\t\t\t\t\t\t\t\t\t<\/div><!-- .profile-body END -->\n\n\t\t\t\t\t\t\t\t<\/div>\n\t\t\t\t\t\t\t\n\t\t\t\n\t\t\t\t<\/div>\t\t<\/div>\n\t\t\t\t<\/div>\n\t\t\t\t\t<\/div>\n\t\t<\/div>\n\t\t\t\t<div class=\"elementor-column elementor-col-25 elementor-top-column elementor-element elementor-element-20fc79e\" data-id=\"20fc79e\" data-element_type=\"column\">\n\t\t\t<div class=\"elementor-widget-wrap elementor-element-populated\">\n\t\t\t\t\t\t\t\t<div class=\"elementor-element elementor-element-fd431e5 elementor-widget elementor-widget-elementskit-team\" data-id=\"fd431e5\" data-element_type=\"widget\" data-widget_type=\"elementskit-team.default\">\n\t\t\t\t<div class=\"elementor-widget-container\">\n\t\t\t<div class=\"ekit-wid-con\">\t\t\t\t\t\t\t\t\n\t\t<div class=\"profile-card elementor-animation- text-center ekit-team-style-default\">\n\t\t\t\t\t\t\n\t\t\t\t<div class=\"profile-header ekit-team-img ekit-img-overlay ekit-team-img-block\" >\n\t\t\t\t\t<img decoding=\"async\" loading=\"lazy\" width=\"800\" height=\"800\" src=\"https:\/\/infectogoias.com.br\/2022\/wp-content\/uploads\/2022\/07\/Helio-Ranes-de-Menezes-Filho-1024x1024.jpeg\" class=\"attachment-large size-large wp-image-3623\" alt=\"\" srcset=\"https:\/\/infectogoias.com.br\/2022\/wp-content\/uploads\/2022\/07\/Helio-Ranes-de-Menezes-Filho-1024x1024.jpeg 1024w, https:\/\/infectogoias.com.br\/2022\/wp-content\/uploads\/2022\/07\/Helio-Ranes-de-Menezes-Filho-300x300.jpeg 300w, https:\/\/infectogoias.com.br\/2022\/wp-content\/uploads\/2022\/07\/Helio-Ranes-de-Menezes-Filho-150x150.jpeg 150w, https:\/\/infectogoias.com.br\/2022\/wp-content\/uploads\/2022\/07\/Helio-Ranes-de-Menezes-Filho-768x769.jpeg 768w, https:\/\/infectogoias.com.br\/2022\/wp-content\/uploads\/2022\/07\/Helio-Ranes-de-Menezes-Filho.jpeg 1142w\" sizes=\"(max-width: 800px) 100vw, 800px\" \/>\t\t\t\t<\/div><!-- .profile-header END -->\n\t\t\t\t\t\t\n\n\t\t\t\t<div class=\"profile-body\">\n\t\t\t\t\t\n\t\t\t\t\t<h2 class=\"profile-title\">\n\t\t\t\t\t\t\t\t\t\t\tH\u00e9lio Ranes de Menezes Filho\t\t\t\t\t\t\t\t\t\t<\/h2>\n\t\t\t\t\t<p class=\"profile-designation\"><\/p>\n\t\t\t\t\t\t\t\t\t<\/div><!-- .profile-body END -->\n\n\t\t\t\t\t\t\t\t<\/div>\n\t\t\t\t\t\t\t\n\t\t\t\n\t\t\t\t<\/div>\t\t<\/div>\n\t\t\t\t<\/div>\n\t\t\t\t\t<\/div>\n\t\t<\/div>\n\t\t\t\t\t\t\t<\/div>\n\t\t<\/section>\n\t\t\t\t<section class=\"elementor-section elementor-top-section elementor-element elementor-element-14b2095 elementor-section-boxed elementor-section-height-default elementor-section-height-default\" data-id=\"14b2095\" data-element_type=\"section\">\n\t\t\t\t\t\t<div class=\"elementor-container elementor-column-gap-default\">\n\t\t\t\t\t<div class=\"elementor-column elementor-col-25 elementor-top-column elementor-element elementor-element-2769b84\" data-id=\"2769b84\" data-element_type=\"column\">\n\t\t\t<div class=\"elementor-widget-wrap elementor-element-populated\">\n\t\t\t\t\t\t\t\t<div class=\"elementor-element elementor-element-a4b9152 elementor-widget elementor-widget-elementskit-team\" data-id=\"a4b9152\" data-element_type=\"widget\" data-widget_type=\"elementskit-team.default\">\n\t\t\t\t<div class=\"elementor-widget-container\">\n\t\t\t<div class=\"ekit-wid-con\">\t\t\t\t\t\t\t\t\n\t\t<div class=\"profile-card elementor-animation- text-center ekit-team-style-default\">\n\t\t\t\t\t\t\n\t\t\t\t<div class=\"profile-header ekit-team-img ekit-img-overlay ekit-team-img-block\" >\n\t\t\t\t\t<img decoding=\"async\" loading=\"lazy\" width=\"800\" height=\"800\" src=\"https:\/\/infectogoias.com.br\/2022\/wp-content\/uploads\/2022\/07\/Luciana-de-Souza-Lima-Oliveira-Barreto-1024x1024.jpeg\" class=\"attachment-large size-large wp-image-3627\" alt=\"\" srcset=\"https:\/\/infectogoias.com.br\/2022\/wp-content\/uploads\/2022\/07\/Luciana-de-Souza-Lima-Oliveira-Barreto-1024x1024.jpeg 1024w, https:\/\/infectogoias.com.br\/2022\/wp-content\/uploads\/2022\/07\/Luciana-de-Souza-Lima-Oliveira-Barreto-300x300.jpeg 300w, https:\/\/infectogoias.com.br\/2022\/wp-content\/uploads\/2022\/07\/Luciana-de-Souza-Lima-Oliveira-Barreto-150x150.jpeg 150w, https:\/\/infectogoias.com.br\/2022\/wp-content\/uploads\/2022\/07\/Luciana-de-Souza-Lima-Oliveira-Barreto-768x767.jpeg 768w, https:\/\/infectogoias.com.br\/2022\/wp-content\/uploads\/2022\/07\/Luciana-de-Souza-Lima-Oliveira-Barreto.jpeg 1200w\" sizes=\"(max-width: 800px) 100vw, 800px\" \/>\t\t\t\t<\/div><!-- .profile-header END -->\n\t\t\t\t\t\t\n\n\t\t\t\t<div class=\"profile-body\">\n\t\t\t\t\t\n\t\t\t\t\t<h2 class=\"profile-title\">\n\t\t\t\t\t\t\t\t\t\t\tLuciana de Souza Lima Oliveira Barreto\t\t\t\t\t\t\t\t\t\t<\/h2>\n\t\t\t\t\t<p class=\"profile-designation\"><\/p>\n\t\t\t\t\t\t\t\t\t<\/div><!-- .profile-body END -->\n\n\t\t\t\t\t\t\t\t<\/div>\n\t\t\t\t\t\t\t\n\t\t\t\n\t\t\t\t<\/div>\t\t<\/div>\n\t\t\t\t<\/div>\n\t\t\t\t\t<\/div>\n\t\t<\/div>\n\t\t\t\t<div class=\"elementor-column elementor-col-25 elementor-top-column elementor-element elementor-element-f61bf6e\" data-id=\"f61bf6e\" data-element_type=\"column\">\n\t\t\t<div class=\"elementor-widget-wrap elementor-element-populated\">\n\t\t\t\t\t\t\t\t<div class=\"elementor-element elementor-element-954a798 elementor-widget elementor-widget-elementskit-team\" data-id=\"954a798\" data-element_type=\"widget\" data-widget_type=\"elementskit-team.default\">\n\t\t\t\t<div class=\"elementor-widget-container\">\n\t\t\t<div class=\"ekit-wid-con\">\t\t\t\t\t\t\t\t\n\t\t<div class=\"profile-card elementor-animation- text-center ekit-team-style-default\">\n\t\t\t\t\t\t\n\t\t\t\t<div class=\"profile-header ekit-team-img ekit-img-overlay ekit-team-img-block\" >\n\t\t\t\t\t<img decoding=\"async\" loading=\"lazy\" width=\"800\" height=\"801\" src=\"https:\/\/infectogoias.com.br\/2022\/wp-content\/uploads\/2022\/07\/Luiz-Felipe-Silveira-Sales.jpeg\" class=\"attachment-large size-large wp-image-3628\" alt=\"\" srcset=\"https:\/\/infectogoias.com.br\/2022\/wp-content\/uploads\/2022\/07\/Luiz-Felipe-Silveira-Sales.jpeg 960w, https:\/\/infectogoias.com.br\/2022\/wp-content\/uploads\/2022\/07\/Luiz-Felipe-Silveira-Sales-300x300.jpeg 300w, https:\/\/infectogoias.com.br\/2022\/wp-content\/uploads\/2022\/07\/Luiz-Felipe-Silveira-Sales-150x150.jpeg 150w, https:\/\/infectogoias.com.br\/2022\/wp-content\/uploads\/2022\/07\/Luiz-Felipe-Silveira-Sales-768x769.jpeg 768w\" sizes=\"(max-width: 800px) 100vw, 800px\" \/>\t\t\t\t<\/div><!-- .profile-header END -->\n\t\t\t\t\t\t\n\n\t\t\t\t<div class=\"profile-body\">\n\t\t\t\t\t\n\t\t\t\t\t<h2 class=\"profile-title\">\n\t\t\t\t\t\t\t\t\t\t\tLuiz Felipe Silveira Sales\t\t\t\t\t\t\t\t\t\t<\/h2>\n\t\t\t\t\t<p class=\"profile-designation\"><\/p>\n\t\t\t\t\t\t\t\t\t<\/div><!-- .profile-body END -->\n\n\t\t\t\t\t\t\t\t<\/div>\n\t\t\t\t\t\t\t\n\t\t\t\n\t\t\t\t<\/div>\t\t<\/div>\n\t\t\t\t<\/div>\n\t\t\t\t\t<\/div>\n\t\t<\/div>\n\t\t\t\t<div class=\"elementor-column elementor-col-25 elementor-top-column elementor-element elementor-element-0412e2c\" data-id=\"0412e2c\" data-element_type=\"column\">\n\t\t\t<div class=\"elementor-widget-wrap elementor-element-populated\">\n\t\t\t\t\t\t\t\t<div class=\"elementor-element elementor-element-4c691bb elementor-widget elementor-widget-elementskit-team\" data-id=\"4c691bb\" data-element_type=\"widget\" data-widget_type=\"elementskit-team.default\">\n\t\t\t\t<div class=\"elementor-widget-container\">\n\t\t\t<div class=\"ekit-wid-con\">\t\t\t\t\t\t\t\t\n\t\t<div class=\"profile-card elementor-animation- text-center ekit-team-style-default\">\n\t\t\t\t\t\t\n\t\t\t\t<div class=\"profile-header ekit-team-img ekit-img-overlay ekit-team-img-block\" >\n\t\t\t\t\t<img decoding=\"async\" loading=\"lazy\" width=\"800\" height=\"800\" src=\"https:\/\/infectogoias.com.br\/2022\/wp-content\/uploads\/2022\/07\/Moara-Alves-Santa-Barbara-Borges.jpeg\" class=\"attachment-large size-large wp-image-3629\" alt=\"\" srcset=\"https:\/\/infectogoias.com.br\/2022\/wp-content\/uploads\/2022\/07\/Moara-Alves-Santa-Barbara-Borges.jpeg 900w, https:\/\/infectogoias.com.br\/2022\/wp-content\/uploads\/2022\/07\/Moara-Alves-Santa-Barbara-Borges-300x300.jpeg 300w, https:\/\/infectogoias.com.br\/2022\/wp-content\/uploads\/2022\/07\/Moara-Alves-Santa-Barbara-Borges-150x150.jpeg 150w, https:\/\/infectogoias.com.br\/2022\/wp-content\/uploads\/2022\/07\/Moara-Alves-Santa-Barbara-Borges-768x768.jpeg 768w\" sizes=\"(max-width: 800px) 100vw, 800px\" \/>\t\t\t\t<\/div><!-- .profile-header END -->\n\t\t\t\t\t\t\n\n\t\t\t\t<div class=\"profile-body\">\n\t\t\t\t\t\n\t\t\t\t\t<h2 class=\"profile-title\">\n\t\t\t\t\t\t\t\t\t\t\tMoara Alves Santa B\u00e1rbara Borges\t\t\t\t\t\t\t\t\t\t<\/h2>\n\t\t\t\t\t<p class=\"profile-designation\"><\/p>\n\t\t\t\t\t\t\t\t\t<\/div><!-- .profile-body END -->\n\n\t\t\t\t\t\t\t\t<\/div>\n\t\t\t\t\t\t\t\n\t\t\t\n\t\t\t\t<\/div>\t\t<\/div>\n\t\t\t\t<\/div>\n\t\t\t\t\t<\/div>\n\t\t<\/div>\n\t\t\t\t<div class=\"elementor-column elementor-col-25 elementor-top-column elementor-element elementor-element-2467fcd\" data-id=\"2467fcd\" data-element_type=\"column\">\n\t\t\t<div class=\"elementor-widget-wrap\">\n\t\t\t\t\t\t\t\t\t<\/div>\n\t\t<\/div>\n\t\t\t\t\t\t\t<\/div>\n\t\t<\/section>\n\t\t\t\t\t\t\t<\/div>\n\t\t","protected":false},"excerpt":{"rendered":"<p>Ariana Rocha Rom\u00e3o Godoi Christiane Reis Kobal Perillo Fernanda Pedrosa Torres H\u00e9lio Ranes de Menezes Filho Luciana de Souza Lima Oliveira Barreto Luiz Felipe Silveira Sales Moara Alves Santa B\u00e1rbara Borges<\/p>\n","protected":false},"author":1,"featured_media":0,"parent":0,"menu_order":0,"comment_status":"closed","ping_status":"closed","template":"elementor_header_footer","meta":{"footnotes":""},"aioseo_notices":[],"_links":{"self":[{"href":"https:\/\/infectogoias.com.br\/2022\/wp-json\/wp\/v2\/pages\/1549"}],"collection":[{"href":"https:\/\/infectogoias.com.br\/2022\/wp-json\/wp\/v2\/pages"}],"about":[{"href":"https:\/\/infectogoias.com.br\/2022\/wp-json\/wp\/v2\/types\/page"}],"author":[{"embeddable":true,"href":"https:\/\/infectogoias.com.br\/2022\/wp-json\/wp\/v2\/users\/1"}],"replies":[{"embeddable":true,"href":"https:\/\/infectogoias.com.br\/2022\/wp-json\/wp\/v2\/comments?post=1549"}],"version-history":[{"count":103,"href":"https:\/\/infectogoias.com.br\/2022\/wp-json\/wp\/v2\/pages\/1549\/revisions"}],"predecessor-version":[{"id":3638,"href":"https:\/\/infectogoias.com.br\/2022\/wp-json\/wp\/v2\/pages\/1549\/revisions\/3638"}],"wp:attachment":[{"href":"https:\/\/infectogoias.com.br\/2022\/wp-json\/wp\/v2\/media?parent=1549"}],"curies":[{"name":"wp","href":"https:\/\/api.w.org\/{rel}","templated":true}]}}