{"id":14,"date":"2021-03-09T21:19:57","date_gmt":"2021-03-10T00:19:57","guid":{"rendered":"https:\/\/infectogoias.com.br\/?page_id=14"},"modified":"2022-11-30T08:34:20","modified_gmt":"2022-11-30T11:34:20","slug":"programacao","status":"publish","type":"page","link":"https:\/\/infectogoias.com.br\/2022\/programacao\/","title":{"rendered":"Programa\u00e7\u00e3o"},"content":{"rendered":"\t\t<div data-elementor-type=\"wp-page\" data-elementor-id=\"14\" class=\"elementor elementor-14\" data-elementor-post-type=\"page\">\n\t\t\t\t\t\t\t\t\t<section class=\"elementor-section elementor-top-section elementor-element elementor-element-c4eb62e elementor-section-height-min-height elementor-section-boxed elementor-section-height-default elementor-section-items-middle\" data-id=\"c4eb62e\" data-element_type=\"section\" data-settings=\"{&quot;background_background&quot;:&quot;classic&quot;}\">\n\t\t\t\t\t\t\t<div class=\"elementor-background-overlay\"><\/div>\n\t\t\t\t\t\t\t<div class=\"elementor-container elementor-column-gap-default\">\n\t\t\t\t\t<div class=\"elementor-column elementor-col-100 elementor-top-column elementor-element elementor-element-486c9783\" data-id=\"486c9783\" data-element_type=\"column\">\n\t\t\t<div class=\"elementor-widget-wrap elementor-element-populated\">\n\t\t\t\t\t\t\t\t<div class=\"elementor-element elementor-element-6313e2cb animated-slow elementor-invisible elementor-widget elementor-widget-theme-post-title elementor-page-title elementor-widget-heading\" data-id=\"6313e2cb\" data-element_type=\"widget\" data-settings=\"{&quot;_animation&quot;:&quot;fadeInDown&quot;}\" data-widget_type=\"theme-post-title.default\">\n\t\t\t\t<div class=\"elementor-widget-container\">\n\t\t\t<h1 class=\"elementor-heading-title elementor-size-default\">Programa\u00e7\u00e3o<\/h1>\t\t<\/div>\n\t\t\t\t<\/div>\n\t\t\t\t\t<\/div>\n\t\t<\/div>\n\t\t\t\t\t\t\t<\/div>\n\t\t<\/section>\n\t\t\t\t<section class=\"elementor-section elementor-top-section elementor-element elementor-element-8778a7a elementor-section-height-min-height elementor-section-items-top elementor-section-boxed elementor-section-height-default\" data-id=\"8778a7a\" data-element_type=\"section\">\n\t\t\t\t\t\t<div class=\"elementor-container elementor-column-gap-default\">\n\t\t\t\t\t<div class=\"elementor-column elementor-col-100 elementor-top-column elementor-element elementor-element-113bd8c\" data-id=\"113bd8c\" data-element_type=\"column\">\n\t\t\t<div class=\"elementor-widget-wrap elementor-element-populated\">\n\t\t\t\t\t\t\t\t<div class=\"elementor-element elementor-element-e2ad187 elementor-tabs-alignment-stretch elementor-tabs-view-horizontal elementor-widget elementor-widget-tabs\" data-id=\"e2ad187\" data-element_type=\"widget\" data-widget_type=\"tabs.default\">\n\t\t\t\t<div class=\"elementor-widget-container\">\n\t\t\t\t\t<div class=\"elementor-tabs\">\n\t\t\t<div class=\"elementor-tabs-wrapper\" role=\"tablist\" >\n\t\t\t\t\t\t\t\t\t<div id=\"elementor-tab-title-2371\" class=\"elementor-tab-title elementor-tab-desktop-title\" aria-selected=\"true\" data-tab=\"1\" role=\"tab\" tabindex=\"0\" aria-controls=\"elementor-tab-content-2371\" aria-expanded=\"false\">Quinta-feira, 1\u00ba de dezembro<\/div>\n\t\t\t\t\t\t\t\t\t<div id=\"elementor-tab-title-2372\" class=\"elementor-tab-title elementor-tab-desktop-title\" aria-selected=\"false\" data-tab=\"2\" role=\"tab\" tabindex=\"-1\" aria-controls=\"elementor-tab-content-2372\" aria-expanded=\"false\">Sexta-feira, 2 de dezembro<\/div>\n\t\t\t\t\t\t\t\t\t<div id=\"elementor-tab-title-2373\" class=\"elementor-tab-title elementor-tab-desktop-title\" aria-selected=\"false\" data-tab=\"3\" role=\"tab\" tabindex=\"-1\" aria-controls=\"elementor-tab-content-2373\" aria-expanded=\"false\">S\u00e1bado, 3 de dezembro<\/div>\n\t\t\t\t\t\t\t<\/div>\n\t\t\t<div class=\"elementor-tabs-content-wrapper\" role=\"tablist\" aria-orientation=\"vertical\">\n\t\t\t\t\t\t\t\t\t<div class=\"elementor-tab-title elementor-tab-mobile-title\" aria-selected=\"true\" data-tab=\"1\" role=\"tab\" tabindex=\"0\" aria-controls=\"elementor-tab-content-2371\" aria-expanded=\"false\">Quinta-feira, 1\u00ba de dezembro<\/div>\n\t\t\t\t\t<div id=\"elementor-tab-content-2371\" class=\"elementor-tab-content elementor-clearfix\" data-tab=\"1\" role=\"tabpanel\" aria-labelledby=\"elementor-tab-title-2371\" tabindex=\"0\" hidden=\"false\"><table width=\"100%\"><tbody><tr><td width=\"33%\"><p><strong>\u00a0<\/strong><strong>\u00a0<\/strong><strong>Inscri\u00e7\u00e3o e credenciamento (7:30 \u2013 8:00)<\/strong><\/p><\/td><\/tr><tr><td width=\"33%\"><p><strong>MESA REDONDA (8:00 \u2013 9:45)<\/strong><\/p><p><em>Antimicrobianos e resist\u00eancia bacteriana<\/em><\/p><p><strong>\u00a0<\/strong><strong>Presidente: Dr. Guillermo Pinheiro<\/strong><\/p><p><strong>Debatedora: Dra. Ana Beatrix Ferreira Caixeta<\/strong><\/p><p><em>\u00a0<\/em>8:00 \u2013 8:30: BrCAST: o que h\u00e1 de novo?<\/p><p><strong>Dr. Alexandre Cunha (Remoto)<\/strong><\/p><p>8:30 \u2013 9:00: Tratamento de infec\u00e7\u00f5es por gram-negativos MDR<\/p><p><strong>Dra. L\u00edsia Tomich<\/strong><\/p><p>9:00 \u2013 9:30: MRSA: Vancomicina X outras op\u00e7\u00f5es terap\u00eauticas<\/p><p><strong>Dra. Marina Mascarenhas Roriz Pedrosa<\/strong><\/p><p>9:30 \u2013 9:45: Discuss\u00e3o<\/p><\/td><\/tr><tr><td width=\"33%\"><p><strong>CONFER\u00caNCIA (9:45 \u2013 10:30)<\/strong><\/p><p><em>Candida em pacientes cr\u00edticos: coloniza\u00e7\u00e3o X infec\u00e7\u00e3o<\/em><\/p><p><strong>\u00a0<\/strong><strong>Presidente: Dra. Lissa Rodrigues<\/strong><\/p><p><strong>Debatedor: Dr.<\/strong> <strong>Taiguara Fraga \u00a0<\/strong><\/p><p><strong>\u00a0<\/strong><em>9:45 \u2013 10:20: Conferencista: <\/em><strong>Dra. Tha\u00eds Guimar\u00e3es<\/strong><\/p><p>10:20 \u2013 10:30: Discuss\u00e3o<\/p><\/td><\/tr><tr><td width=\"33%\"><p><strong>\u00a0<\/strong><strong>Intervalo (10:30 \u2013 10:50)<\/strong><\/p><\/td><\/tr><tr><td width=\"33%\"><p><strong>MESA REDONDA (10:50 \u2013 12:30)<\/strong><\/p><p><em>Imunossuprimidos<\/em><\/p><p><strong>\u00a0<\/strong><strong>Presidente: Dra. Josela Palmeira<\/strong><\/p><p><strong>Debatedora: Dra. Claudia Borges Rodrigues Teixeira<\/strong><\/p><p><em>\u00a0<\/em>10:50 \u2013 11:20: Hepatite B X Imunossupress\u00e3o<\/p><p><strong>Dr. Jos\u00e9 David Urbaez (Remoto)<\/strong><\/p><p>11:20 \u2013 11:50: CMV: quando tratar?<\/p><p><strong>Dr. Bruno Randi (Remoto)<\/strong><\/p><p>11:50 \u2013 12:20: Investiga\u00e7\u00e3o e tratamento de tuberculose latente: o que h\u00e1 de novo?<\/p><p><strong>Dr. Valdes Roberto Bollela (Remoto)<\/strong><\/p><p>12:20 \u2013 12:30: Discuss\u00e3o<\/p><\/td><\/tr><tr><td width=\"33%\"><p><strong>Simp\u00f3sio GSK (12:30 \u2013 13:30)<\/strong><\/p><p>Qualidade de vida das PVHA no contexto de equipe multidisciplinar<\/p><p><strong>Dr. Zen\u00f3bio Soares<\/strong><\/p><\/td><\/tr><tr><td width=\"33%\"><p><strong>Visita\u00e7\u00e3o aos p\u00f4steres (13:30 \u2013 14:00)<\/strong><\/p><\/td><\/tr><tr><td width=\"33%\"><p><strong>MESA REDONDA (14:00 \u2013 15:40)<\/strong><\/p><p><em>HIV\/AIDS<\/em><\/p><p><strong>\u00a0<\/strong><strong>Presidente: Dra. Christiane Reis Kobal<\/strong><\/p><p><strong>Debatedora: Dra. Maly de Albuquerque<\/strong><\/p><p><strong>\u00a0<\/strong>14:00 \u2013 14:30: Terapia de resgate ap\u00f3s primeira falha<\/p><p><strong>Dra. Luciana de Souza Lima Oliveira Barreto<\/strong><\/p><p>14:30 \u2013 15:00: TARV: o que est\u00e1 por vir?<\/p><p><strong>Dra. Simone Tenore (Remoto)<\/strong><\/p><p>15:00 \u2013 15:30: PrEP: presente e futuro<\/p><p><strong>Dr. Juvencio Jose Duailibe Furtado<\/strong><\/p><p>15:30 \u2013 15:40: Discuss\u00e3o<\/p><\/td><\/tr><tr><td width=\"33%\"><p><strong>MESA REDONDA (15:40 \u2013 16:30)<\/strong><\/p><p><em>Imuniza\u00e7\u00e3o<\/em><\/p><p><strong>\u00a0<\/strong><strong>Presidente: Dra. Regyane Ferreira<\/strong><\/p><p><strong>Debatedora: Dra. Heloina Claret de Castro<\/strong><\/p><p><strong>\u00a0<\/strong>15:40 \u2013 16:00: Perspectivas de um novo imunizante para Dengue<\/p><p><strong>Dr. Marcelo Cecilio Daher<\/strong><\/p><p>16:00 \u2013 16:20: Vacina\u00e7\u00e3o contra herpes zoster: o que temos dispon\u00edvel no momento?<\/p><p><strong>Dr. Jess\u00e9 Alves (Remoto)<\/strong><\/p><p>16:20 \u2013 16:30: Discuss\u00e3o<\/p><\/td><\/tr><tr><td width=\"33%\"><p><strong>Intervalo (16:30 \u2013 16:50)<\/strong><\/p><\/td><\/tr><tr><td width=\"33%\"><p><strong>MESA REDONDA (16:50 \u2013 18:00)<\/strong><\/p><p><em>Doen\u00e7as emergentes e reemergentes<\/em><\/p><p><strong>\u00a0<\/strong><strong>Presidente: Dra. Luciana de Souza Lima Oliveira Barreto<\/strong><\/p><p><strong>Debatedora: Ana Maria de Oliveira<\/strong><\/p><p><strong>\u00a0<\/strong>16:50 \u2013 17:20: Infec\u00e7\u00f5es sexualmente transmiss\u00edveis MDR: como manejar?<\/p><p><strong>Dr. Jo\u00e3o Victor Soares Coriolano Coutinho<\/strong><\/p><p>17:20 \u2013 17:50: Monkeypox<\/p><p><strong>Dr. Luiz Felipe Silveira Sales<\/strong><\/p><p>17:50 \u2013 18:00: Discuss\u00e3o<\/p><\/td><\/tr><tr><td width=\"33%\"><p><strong>Cerim\u00f4nia de abertura e Festa do congresso (18:30)<\/strong><\/p><p><strong>\u00a0<\/strong><strong>Presidente: Dr. H\u00e9lio Ranes de Menezes Filho<\/strong><\/p><p><strong>Debatedora: Dra. Ariana Rocha<\/strong><\/p><p><strong>\u00a0<\/strong><em>Confer\u00eancia de abertura<\/em><\/p><p>Vida de Infecto: como cuidar da sa\u00fade mental?<\/p><p><strong>Dr. Ciro Vargas<\/strong><\/p><\/td><\/tr><\/tbody><\/table><\/div>\n\t\t\t\t\t\t\t\t\t<div class=\"elementor-tab-title elementor-tab-mobile-title\" aria-selected=\"false\" data-tab=\"2\" role=\"tab\" tabindex=\"-1\" aria-controls=\"elementor-tab-content-2372\" aria-expanded=\"false\">Sexta-feira, 2 de dezembro<\/div>\n\t\t\t\t\t<div id=\"elementor-tab-content-2372\" class=\"elementor-tab-content elementor-clearfix\" data-tab=\"2\" role=\"tabpanel\" aria-labelledby=\"elementor-tab-title-2372\" tabindex=\"0\" hidden=\"hidden\"><table width=\"100%\"><tbody><tr><td width=\"33%\"><p><strong>\u00a0<\/strong><strong style=\"font-family: inherit; font-size: inherit;\">Simp\u00f3sio Astra Zeneca (8:00 \u2013 8:45)<\/strong><\/p><p>Covid 19 em pacientes imunocomprometidos de alto risco, a import\u00e2ncia do manejo apropriado para o progn\u00f3stico da doen\u00e7a<\/p><p><strong>Dr. Werciley Saraiva Vieira Junior (Remoto)<\/strong><\/p><p><strong>Obs: Atividade restrita a m\u00e9dicos.<\/strong><\/p><\/td><\/tr><tr><td width=\"33%\"><p><strong>CONFER\u00caNCIA (8:45 \u2013 9:40)<\/strong><\/p><p>Stewardship de antif\u00fangicos<\/p><p><strong>Presidente: Dra. Marta Antunes de Souza<\/strong><\/p><p><strong>Debatedora: Dra. Juliane Amaral<\/strong><\/p><p>8:45 \u2013 9:30: <em>Conferencista: <\/em><strong>Dra. Carla Sakuma de Oliveira (Presencial)<\/strong><\/p><p>9:30 \u2013 9:40: Discuss\u00e3o<\/p><\/td><\/tr><tr><td width=\"33%\"><p><strong>Intervalo (9:40 \u2013 10:00)<\/strong><\/p><\/td><\/tr><tr><td width=\"33%\"><p><strong>MESA REDONDA (10:00 \u2013 11:10)<\/strong><\/p><p><em>Tratamento de COVID-19<\/em><\/p><p><strong>Presidente: Dr. Luiz Carlos Silva Souza<\/strong><\/p><p><strong>Debatedora: Dra. Moara Alves Santa Barbara Borges (Remoto)<\/strong><\/p><p>10:00 \u2013 10:30: Tratamento ambulatorial<\/p><p><strong>Dr. Esper Kallas (Remoto)<\/strong><\/p><p>10:30 \u2013 11:00: Tratamento hospitalar<\/p><p><strong>Dr. Andr\u00e9 Kalil (Remoto)<\/strong><\/p><p>11:00 \u2013 11:10: Discuss\u00e3o<\/p><\/td><\/tr><tr><td width=\"33%\"><p><strong>MESA REDONDA (11:10 \u2013 12:20)<\/strong><\/p><p><em>Infec\u00e7\u00f5es f\u00fangicas<\/em><\/p><p><strong>Presidente: Dra. Fernanda Pedrosa Torres<\/strong><\/p><p><strong>Debatedora: Dra. Vivian Siqueira Furtado<\/strong><\/p><p>11:10 \u2013 11:40: Aspergilose: o que a COVID-19 nos trouxe?<\/p><p><strong>Dr. Arnaldo Colombo (Remoto)<\/strong><\/p><p>11:40 \u2013 12:10: Estrat\u00e9gias diagn\u00f3sticas e terap\u00eauticas para histoplasmose<\/p><p><strong>Dra. Cassia Silva De Miranda Godoy<\/strong><\/p><p>12:10 \u2013 12:20: Discuss\u00e3o<\/p><\/td><\/tr><tr><td width=\"33%\"><p><strong>MESA REDONDA (12:20 \u2013 13:10)<\/strong><\/p><p><em>Doen\u00e7as end\u00eamicas<\/em><\/p><p><strong>Presidente: Dr. Raimundo Nonato<\/strong><\/p><p><strong>Debatedor: Dr. Luiz Felipe Silveira Sales<\/strong><\/p><p>12:20 \u2013 12:40: Leishmaniose tegumentar: novos tratamentos<\/p><p><strong>Dra. Camila Freire Ara\u00fajo<\/strong><\/p><p>12:40 \u2013 13:00: Perspectivas em novos tratamentos para tuberculose<\/p><p><strong>Dr. Jo\u00e3o Alves De Ara\u00fajo Filho <\/strong><\/p><p>13:00 \u2013 13:10: Discuss\u00e3o<\/p><\/td><\/tr><tr><td width=\"33%\"><p><strong>Visita\u00e7\u00e3o aos p\u00f4steres (13:10 \u2013 13:40)<\/strong><\/p><\/td><\/tr><\/tbody><\/table><\/div>\n\t\t\t\t\t\t\t\t\t<div class=\"elementor-tab-title elementor-tab-mobile-title\" aria-selected=\"false\" data-tab=\"3\" role=\"tab\" tabindex=\"-1\" aria-controls=\"elementor-tab-content-2373\" aria-expanded=\"false\">S\u00e1bado, 3 de dezembro<\/div>\n\t\t\t\t\t<div id=\"elementor-tab-content-2373\" class=\"elementor-tab-content elementor-clearfix\" data-tab=\"3\" role=\"tabpanel\" aria-labelledby=\"elementor-tab-title-2373\" tabindex=\"0\" hidden=\"hidden\"><table width=\"100%\"><tbody><tr><td width=\"33%\"><p><strong>MESA REDONDA (8:00 \u2013 9:10)<\/strong><\/p><p><em>Hepatites virais<\/em><\/p><p><strong>Presidente: Dr. H\u00e9lio Ranes de Menezes Filho<\/strong><\/p><p><strong>Debatedora: Dra. Rivian Christina Lopes Faiolla Mauriz<\/strong><\/p><p><strong>\u00a0<\/strong>8:00 \u2013 8:30: Hepatite B: o que esperar do novo PCDT?<\/p><p><strong>Dra. Renata Bernardes<\/strong><\/p><p>8:30 \u2013 9:00: Paciente falhou ao primeiro tratamento para hepatite C: e agora?<\/p><p><strong>Dra. Maria Cassia Mendes-Correa (Remoto)<\/strong><\/p><p>9:00 \u2013 9:10: Discuss\u00e3o<\/p><\/td><\/tr><tr><td width=\"33%\"><p><strong>CONFER\u00caNCIA (9:10 \u2013 10:15)<\/strong><\/p><p><em>Vacinas para COVID-19: panorama atual<\/em><\/p><p><strong>Presidente: Dra. Heloina Claret de Castro<\/strong><\/p><p><strong>Debatedor: Dra. D\u00e9bora Rigo<\/strong><\/p><p><em>9:10 \u2013 10:00: Conferencista: <\/em><strong>Dr. Jo\u00e3o Silva de Mendon\u00e7a (Remoto)<\/strong><\/p><p>10:00 \u2013 10:15: Discuss\u00e3o<\/p><\/td><\/tr><tr><td width=\"33%\"><p><strong>Intervalo (10:15 \u2013 10:35)<\/strong><\/p><\/td><\/tr><tr><td width=\"33%\"><p><strong>MESA REDONDA (10:35 \u2013 11:50)<\/strong><\/p><p><em>Infectologia geral<\/em><\/p><p><strong>Presidente: Dra. Ariana Rocha<\/strong><\/p><p><strong>Debatedora: Dra. Analzira Nobre da Costa<\/strong><\/p><p>10:35 \u2013 10:55: Surviving sepsis 2021: o que mudou na pr\u00e1tica?<\/p><p><strong>Dr. Murilo Calabria<\/strong><\/p><p>10:55 \u2013 11:15: Infec\u00e7\u00f5es osteoarticulares: quest\u00f5es chaves na abordagem<\/p><p><strong>Dra. Adriana Oliveira Guillarde<\/strong><\/p><p>11:15 \u2013 11:35: Novas estrat\u00e9gias para diagn\u00f3stico de doen\u00e7as infecciosas<\/p><p><strong>Dra. Marilia Turchi<\/strong><\/p><p>11:35 \u2013 11:50: Discuss\u00e3o<\/p><\/td><\/tr><tr><td width=\"33%\"><p><strong>MESA REDONDA (11:50 \u2013 13:00)<\/strong><\/p><p><em>Infec\u00e7\u00f5es relacionadas \u00e0 assist\u00eancia \u00e0 sa\u00fade<\/em><\/p><p><strong>Presidente: Dra. Andrea Ines Spadeto<\/strong><\/p><p><strong>Debatedor: Dr. Rog\u00e9rio de Melo Carvalho Santos<\/strong><\/p><p>11:50 \u2013 12:10: ISC por Micobacteria: medidas de preven\u00e7\u00e3o e controle<\/p><p><strong>Dra. Sheila de Almeida Santos Paiva<\/strong><\/p><p>12:10 \u2013 12:30: PAV: preven\u00e7\u00e3o e novos crit\u00e9rios diagn\u00f3sticos<\/p><p><strong>Dra. Marianna Peres Tassara <\/strong><\/p><p>12:30 \u2013 12:50: Preven\u00e7\u00e3o de infec\u00e7\u00e3o de corrente sangu\u00ednea: o que h\u00e1 de novo?<\/p><p><strong>Dra. Priscilla Yoshiko Sawada<\/strong><\/p><p>12:50 \u2013 13:00: Discuss\u00e3o<\/p><\/td><\/tr><tr><td width=\"33%\"><p><strong>Encerramento e premia\u00e7\u00e3o dos trabalhos (13:00 \u2013 13:30)<\/strong><\/p><\/td><\/tr><\/tbody><\/table><\/div>\n\t\t\t\t\t\t\t<\/div>\n\t\t<\/div>\n\t\t\t\t<\/div>\n\t\t\t\t<\/div>\n\t\t\t\t<div class=\"elementor-element elementor-element-04aeecb elementor-widget elementor-widget-heading\" data-id=\"04aeecb\" data-element_type=\"widget\" data-widget_type=\"heading.default\">\n\t\t\t\t<div class=\"elementor-widget-container\">\n\t\t\t<h2 class=\"elementor-heading-title elementor-size-default\">Obs: Programa preliminar sujeito \u00e0 altera\u00e7\u00f5es!<\/h2>\t\t<\/div>\n\t\t\t\t<\/div>\n\t\t\t\t\t<\/div>\n\t\t<\/div>\n\t\t\t\t\t\t\t<\/div>\n\t\t<\/section>\n\t\t\t\t\t\t\t<\/div>\n\t\t","protected":false},"excerpt":{"rendered":"<p>Quinta-feira, 1\u00ba de dezembro Sexta-feira, 2 de dezembro S\u00e1bado, 3 de dezembro Quinta-feira, 1\u00ba de dezembro \u00a0\u00a0Inscri\u00e7\u00e3o e credenciamento (7:30 \u2013 8:00) MESA REDONDA (8:00 \u2013 9:45) Antimicrobianos e resist\u00eancia bacteriana \u00a0Presidente: Dr. Guillermo Pinheiro Debatedora: Dra. Ana Beatrix Ferreira Caixeta \u00a08:00 \u2013 8:30: BrCAST: o que h\u00e1 de novo? Dr. Alexandre Cunha (Remoto) 8:30 [&hellip;]<\/p>\n","protected":false},"author":1,"featured_media":0,"parent":0,"menu_order":0,"comment_status":"closed","ping_status":"closed","template":"elementor_header_footer","meta":{"footnotes":""},"aioseo_notices":[],"_links":{"self":[{"href":"https:\/\/infectogoias.com.br\/2022\/wp-json\/wp\/v2\/pages\/14"}],"collection":[{"href":"https:\/\/infectogoias.com.br\/2022\/wp-json\/wp\/v2\/pages"}],"about":[{"href":"https:\/\/infectogoias.com.br\/2022\/wp-json\/wp\/v2\/types\/page"}],"author":[{"embeddable":true,"href":"https:\/\/infectogoias.com.br\/2022\/wp-json\/wp\/v2\/users\/1"}],"replies":[{"embeddable":true,"href":"https:\/\/infectogoias.com.br\/2022\/wp-json\/wp\/v2\/comments?post=14"}],"version-history":[{"count":132,"href":"https:\/\/infectogoias.com.br\/2022\/wp-json\/wp\/v2\/pages\/14\/revisions"}],"predecessor-version":[{"id":4068,"href":"https:\/\/infectogoias.com.br\/2022\/wp-json\/wp\/v2\/pages\/14\/revisions\/4068"}],"wp:attachment":[{"href":"https:\/\/infectogoias.com.br\/2022\/wp-json\/wp\/v2\/media?parent=14"}],"curies":[{"name":"wp","href":"https:\/\/api.w.org\/{rel}","templated":true}]}}