{"id":12,"date":"2021-03-09T21:19:12","date_gmt":"2021-03-10T00:19:12","guid":{"rendered":"https:\/\/infectogoias.com.br\/?page_id=12"},"modified":"2022-07-14T01:27:47","modified_gmt":"2022-07-14T04:27:47","slug":"o-evento","status":"publish","type":"page","link":"https:\/\/infectogoias.com.br\/2022\/o-evento\/","title":{"rendered":"O Evento"},"content":{"rendered":"\t\t<div data-elementor-type=\"wp-page\" data-elementor-id=\"12\" class=\"elementor elementor-12\" data-elementor-post-type=\"page\">\n\t\t\t\t\t\t\t\t\t<section class=\"elementor-section elementor-top-section elementor-element elementor-element-2edd04db elementor-section-height-min-height elementor-section-boxed elementor-section-height-default elementor-section-items-middle\" data-id=\"2edd04db\" data-element_type=\"section\" data-settings=\"{&quot;background_background&quot;:&quot;classic&quot;}\">\n\t\t\t\t\t\t\t<div class=\"elementor-background-overlay\"><\/div>\n\t\t\t\t\t\t\t<div class=\"elementor-container elementor-column-gap-default\">\n\t\t\t\t\t<div class=\"elementor-column elementor-col-100 elementor-top-column elementor-element elementor-element-56e1c244\" data-id=\"56e1c244\" data-element_type=\"column\">\n\t\t\t<div class=\"elementor-widget-wrap elementor-element-populated\">\n\t\t\t\t\t\t\t\t<div class=\"elementor-element elementor-element-1d9b6259 animated-slow elementor-invisible elementor-widget elementor-widget-theme-post-title elementor-page-title elementor-widget-heading\" data-id=\"1d9b6259\" data-element_type=\"widget\" data-settings=\"{&quot;_animation&quot;:&quot;fadeInDown&quot;}\" data-widget_type=\"theme-post-title.default\">\n\t\t\t\t<div class=\"elementor-widget-container\">\n\t\t\t<h1 class=\"elementor-heading-title elementor-size-default\">O Evento<\/h1>\t\t<\/div>\n\t\t\t\t<\/div>\n\t\t\t\t\t<\/div>\n\t\t<\/div>\n\t\t\t\t\t\t\t<\/div>\n\t\t<\/section>\n\t\t\t\t<section class=\"elementor-section elementor-top-section elementor-element elementor-element-24cbe5b7 elementor-section-boxed elementor-section-height-default elementor-section-height-default\" data-id=\"24cbe5b7\" data-element_type=\"section\" data-settings=\"{&quot;animation&quot;:&quot;none&quot;}\">\n\t\t\t\t\t\t<div class=\"elementor-container elementor-column-gap-default\">\n\t\t\t\t\t<div class=\"elementor-column elementor-col-100 elementor-top-column elementor-element elementor-element-52c60e99\" data-id=\"52c60e99\" data-element_type=\"column\">\n\t\t\t<div class=\"elementor-widget-wrap elementor-element-populated\">\n\t\t\t\t\t\t\t\t<div class=\"elementor-element elementor-element-451205ec animated-slow elementor-invisible elementor-widget elementor-widget-text-editor\" data-id=\"451205ec\" data-element_type=\"widget\" data-settings=\"{&quot;_animation&quot;:&quot;fadeIn&quot;}\" data-widget_type=\"text-editor.default\">\n\t\t\t\t<div class=\"elementor-widget-container\">\n\t\t\t\t\t\t\t<p>Sejam bem-vindos ao 3<sup>o<\/sup> Congresso Goiano de Infectologia que acontecer\u00e1 de 01\/12\/2022 a 03\/12\/2022 no audit\u00f3rio da CIFARMA em Goi\u00e2nia-GO.<\/p><p>\u00c9 com imensa satisfa\u00e7\u00e3o que retomaremos esse evento que j\u00e1 conquistou lugar de destaque na agenda cient\u00edfica goiana. Ap\u00f3s 3 anos da segunda edi\u00e7\u00e3o cuja sequ\u00eancia foi interrompida pela pandemia de COVID-19, teremos um encontro 100% presencial que contar\u00e1 com palestrantes do nosso pr\u00f3prio estado e com colegas de outras unidades da federa\u00e7\u00e3o que se destacam nas suas \u00e1reas de atua\u00e7\u00e3o.<\/p><p>Ap\u00f3s o excelente Congresso Brasileiro de Infectologia que foi realizado em terras goianas em dezembro\/2021, temos o desafio de continuar demonstrando a qualidade t\u00e9cnico-cient\u00edfica da nossa especialidade em Goi\u00e1s. Para isso, elaboramos um amplo programa de atividades que permitir\u00e1 a estudantes e profissionais de sa\u00fade que se atualizem em rela\u00e7\u00e3o aos principais temas envolvendo as doen\u00e7as infecciosas e parasit\u00e1rias.<\/p><p>Como diria Cora Coralina, nossa conterr\u00e2nea e poetisa de renome internacional, \u201cFeliz aquele que transfere o que sabe e aprende o que ensina\u201d. Baseados nessa premissa, esperamos que nosso evento seja uma grande oportunidade para compartilharmos conhecimento.<\/p><p>Abra\u00e7os a todos e at\u00e9 dezembro!<\/p>\t\t\t\t\t\t<\/div>\n\t\t\t\t<\/div>\n\t\t\t\t<section class=\"elementor-section elementor-inner-section elementor-element elementor-element-1335fadf elementor-hidden-desktop elementor-hidden-tablet elementor-hidden-mobile elementor-section-boxed elementor-section-height-default elementor-section-height-default\" data-id=\"1335fadf\" data-element_type=\"section\">\n\t\t\t\t\t\t<div class=\"elementor-container elementor-column-gap-default\">\n\t\t\t\t\t<div class=\"elementor-column elementor-col-50 elementor-inner-column elementor-element elementor-element-6fd4801d\" data-id=\"6fd4801d\" data-element_type=\"column\">\n\t\t\t<div class=\"elementor-widget-wrap elementor-element-populated\">\n\t\t\t\t\t\t\t\t<div class=\"elementor-element elementor-element-182bb3b3 animated-slow elementor-vertical-align-top elementor-invisible elementor-widget elementor-widget-image-box\" data-id=\"182bb3b3\" data-element_type=\"widget\" data-settings=\"{&quot;_animation&quot;:&quot;fadeInLeft&quot;}\" data-widget_type=\"image-box.default\">\n\t\t\t\t<div class=\"elementor-widget-container\">\n\t\t\t<div class=\"elementor-image-box-wrapper\"><div class=\"elementor-image-box-content\"><h3 class=\"elementor-image-box-title\">Dr. H\u00e9lio Fernandes da Silva Filho<\/h3><p class=\"elementor-image-box-description\">Presidente do Cap\u00edtulo Goi\u00e1s da ABN<\/p><\/div><\/div>\t\t<\/div>\n\t\t\t\t<\/div>\n\t\t\t\t\t<\/div>\n\t\t<\/div>\n\t\t\t\t<div class=\"elementor-column elementor-col-50 elementor-inner-column elementor-element elementor-element-58c2d4d1\" data-id=\"58c2d4d1\" data-element_type=\"column\">\n\t\t\t<div class=\"elementor-widget-wrap elementor-element-populated\">\n\t\t\t\t\t\t\t\t<div class=\"elementor-element elementor-element-39ac3916 animated-slow elementor-vertical-align-top elementor-invisible elementor-widget elementor-widget-image-box\" data-id=\"39ac3916\" data-element_type=\"widget\" data-settings=\"{&quot;_animation&quot;:&quot;fadeInRight&quot;}\" data-widget_type=\"image-box.default\">\n\t\t\t\t<div class=\"elementor-widget-container\">\n\t\t\t<div class=\"elementor-image-box-wrapper\"><div class=\"elementor-image-box-content\"><h3 class=\"elementor-image-box-title\">Dra. Talyta Cortez Grippe<\/h3><p class=\"elementor-image-box-description\">Presidente do Cap\u00edtulo Distrito Federal da ABN<\/p><\/div><\/div>\t\t<\/div>\n\t\t\t\t<\/div>\n\t\t\t\t\t<\/div>\n\t\t<\/div>\n\t\t\t\t\t\t\t<\/div>\n\t\t<\/section>\n\t\t\t\t\t<\/div>\n\t\t<\/div>\n\t\t\t\t\t\t\t<\/div>\n\t\t<\/section>\n\t\t\t\t\t\t\t<\/div>\n\t\t","protected":false},"excerpt":{"rendered":"<p>Sejam bem-vindos ao 3o Congresso Goiano de Infectologia que acontecer\u00e1 de 01\/12\/2022 a 03\/12\/2022 no audit\u00f3rio da CIFARMA em Goi\u00e2nia-GO. \u00c9 com imensa satisfa\u00e7\u00e3o que retomaremos esse evento que j\u00e1 conquistou lugar de destaque na agenda cient\u00edfica goiana. Ap\u00f3s 3 anos da segunda edi\u00e7\u00e3o cuja sequ\u00eancia foi interrompida pela pandemia de COVID-19, teremos um encontro [&hellip;]<\/p>\n","protected":false},"author":1,"featured_media":0,"parent":0,"menu_order":0,"comment_status":"closed","ping_status":"closed","template":"elementor_header_footer","meta":{"footnotes":""},"aioseo_notices":[],"_links":{"self":[{"href":"https:\/\/infectogoias.com.br\/2022\/wp-json\/wp\/v2\/pages\/12"}],"collection":[{"href":"https:\/\/infectogoias.com.br\/2022\/wp-json\/wp\/v2\/pages"}],"about":[{"href":"https:\/\/infectogoias.com.br\/2022\/wp-json\/wp\/v2\/types\/page"}],"author":[{"embeddable":true,"href":"https:\/\/infectogoias.com.br\/2022\/wp-json\/wp\/v2\/users\/1"}],"replies":[{"embeddable":true,"href":"https:\/\/infectogoias.com.br\/2022\/wp-json\/wp\/v2\/comments?post=12"}],"version-history":[{"count":21,"href":"https:\/\/infectogoias.com.br\/2022\/wp-json\/wp\/v2\/pages\/12\/revisions"}],"predecessor-version":[{"id":3616,"href":"https:\/\/infectogoias.com.br\/2022\/wp-json\/wp\/v2\/pages\/12\/revisions\/3616"}],"wp:attachment":[{"href":"https:\/\/infectogoias.com.br\/2022\/wp-json\/wp\/v2\/media?parent=12"}],"curies":[{"name":"wp","href":"https:\/\/api.w.org\/{rel}","templated":true}]}}